{"id":649,"date":"2025-11-18T16:15:59","date_gmt":"2025-11-18T21:15:59","guid":{"rendered":"https:\/\/www.probiotech.com\/ruminants\/"},"modified":"2026-02-06T13:28:34","modified_gmt":"2026-02-06T18:28:34","slug":"ruminants","status":"publish","type":"page","link":"https:\/\/www.probiotech.com\/fr\/ruminants\/","title":{"rendered":"Ruminants"},"content":{"rendered":"<h1 style=\"text-align: center;\">Solutions nutritionnelles optimales pour chaque phase du cycle de production de votre b\u00e9tail<\/h1>\n<p>La nutrition joue un r\u00f4le essentiel dans le maintien des fonctions physiologiques des animaux et dans l\u2019obtention d\u2019un rendement durable. Qu\u2019il s\u2019agisse d\u2019\u00e9lever ou de g\u00e9rer des vaches laiti\u00e8res, des bovins de boucherie, des veaux, des ch\u00e8vres ou des moutons, une connaissance approfondie de leurs besoins nutritionnels est n\u00e9cessaire pour optimiser leur croissance, leur capacit\u00e9 de reproduction et leur r\u00e9sistance aux maladies. Les solutions de Probiotech tiennent compte de la physiologie mol\u00e9culaire de chaque esp\u00e8ce afin d\u2019offrir des solutions de nutrition animale naturelles qui, \u00e0 terme, favorisent une production optimale et durable de lait et de viande.<\/p>\n","protected":false},"excerpt":{"rendered":"<p>Solutions nutritionnelles optimales pour chaque phase du cycle de production de votre b\u00e9tail La nutrition joue un r\u00f4le essentiel dans le maintien des fonctions physiologiques des animaux et dans l\u2019obtention d\u2019un rendement durable. Qu\u2019il s\u2019agisse d\u2019\u00e9lever ou de g\u00e9rer des vaches laiti\u00e8res, des bovins de boucherie, des veaux, des ch\u00e8vres ou des moutons, une connaissance [&hellip;]<\/p>\n","protected":false},"author":1,"featured_media":651,"parent":0,"menu_order":0,"comment_status":"closed","ping_status":"closed","template":"template-especes.php","meta":{"_acf_changed":false,"footnotes":""},"class_list":["post-649","page","type-page","status-publish","has-post-thumbnail","hentry"],"acf":[],"yoast_head":"<!-- This site is optimized with the Yoast SEO plugin v26.6 - https:\/\/yoast.com\/wordpress\/plugins\/seo\/ -->\n<title>Nutritional solutions for poultry, chickens and hens to improve welfare and productivity<\/title>\n<meta name=\"description\" content=\"Nutritional solutions, feed additives and bedding tailored for the performance of poultry, hens and chickens.\" \/>\n<meta name=\"robots\" content=\"index, follow, max-snippet:-1, max-image-preview:large, max-video-preview:-1\" \/>\n<link rel=\"canonical\" href=\"https:\/\/www.probiotech.com\/fr\/ruminants\/\" \/>\n<meta property=\"og:locale\" content=\"fr_FR\" \/>\n<meta property=\"og:type\" content=\"article\" \/>\n<meta property=\"og:title\" content=\"Nutritional solutions for poultry, chickens and hens to improve welfare and productivity\" \/>\n<meta property=\"og:description\" content=\"Nutritional solutions, feed additives and bedding tailored for the performance of poultry, hens and chickens.\" \/>\n<meta property=\"og:url\" content=\"https:\/\/www.probiotech.com\/fr\/ruminants\/\" \/>\n<meta property=\"og:site_name\" content=\"Probiotech\" \/>\n<meta property=\"article:modified_time\" content=\"2026-02-06T18:28:34+00:00\" \/>\n<meta property=\"og:image\" content=\"https:\/\/www.probiotech.com\/wp-content\/uploads\/2025\/12\/ruminants_2.webp\" \/>\n\t<meta property=\"og:image:width\" content=\"1920\" \/>\n\t<meta property=\"og:image:height\" content=\"1280\" \/>\n\t<meta property=\"og:image:type\" content=\"image\/webp\" \/>\n<meta name=\"twitter:card\" content=\"summary_large_image\" \/>\n<meta name=\"twitter:label1\" content=\"Dur\u00e9e de lecture estim\u00e9e\" \/>\n\t<meta name=\"twitter:data1\" content=\"1 minute\" \/>\n<!-- \/ Yoast SEO plugin. -->","yoast_head_json":{"title":"Nutritional solutions for poultry, chickens and hens to improve welfare and productivity","description":"Nutritional solutions, feed additives and bedding tailored for the performance of poultry, hens and chickens.","robots":{"index":"index","follow":"follow","max-snippet":"max-snippet:-1","max-image-preview":"max-image-preview:large","max-video-preview":"max-video-preview:-1"},"canonical":"https:\/\/www.probiotech.com\/fr\/ruminants\/","og_locale":"fr_FR","og_type":"article","og_title":"Nutritional solutions for poultry, chickens and hens to improve welfare and productivity","og_description":"Nutritional solutions, feed additives and bedding tailored for the performance of poultry, hens and chickens.","og_url":"https:\/\/www.probiotech.com\/fr\/ruminants\/","og_site_name":"Probiotech","article_modified_time":"2026-02-06T18:28:34+00:00","og_image":[{"width":1920,"height":1280,"url":"https:\/\/www.probiotech.com\/wp-content\/uploads\/2025\/12\/ruminants_2.webp","type":"image\/webp"}],"twitter_card":"summary_large_image","twitter_misc":{"Dur\u00e9e de lecture estim\u00e9e":"1 minute"},"schema":{"@context":"https:\/\/schema.org","@graph":[{"@type":"WebPage","@id":"https:\/\/www.probiotech.com\/fr\/ruminants\/","url":"https:\/\/www.probiotech.com\/fr\/ruminants\/","name":"Nutritional solutions for poultry, chickens and hens to improve welfare and productivity","isPartOf":{"@id":"https:\/\/www.probiotech.com\/#website"},"primaryImageOfPage":{"@id":"https:\/\/www.probiotech.com\/fr\/ruminants\/#primaryimage"},"image":{"@id":"https:\/\/www.probiotech.com\/fr\/ruminants\/#primaryimage"},"thumbnailUrl":"https:\/\/www.probiotech.com\/wp-content\/uploads\/2025\/12\/ruminants_2.webp","datePublished":"2025-11-18T21:15:59+00:00","dateModified":"2026-02-06T18:28:34+00:00","description":"Nutritional solutions, feed additives and bedding tailored for the performance of poultry, hens and chickens.","breadcrumb":{"@id":"https:\/\/www.probiotech.com\/fr\/ruminants\/#breadcrumb"},"inLanguage":"fr-FR","potentialAction":[{"@type":"ReadAction","target":["https:\/\/www.probiotech.com\/fr\/ruminants\/"]}]},{"@type":"ImageObject","inLanguage":"fr-FR","@id":"https:\/\/www.probiotech.com\/fr\/ruminants\/#primaryimage","url":"https:\/\/www.probiotech.com\/wp-content\/uploads\/2025\/12\/ruminants_2.webp","contentUrl":"https:\/\/www.probiotech.com\/wp-content\/uploads\/2025\/12\/ruminants_2.webp","width":1920,"height":1280},{"@type":"BreadcrumbList","@id":"https:\/\/www.probiotech.com\/fr\/ruminants\/#breadcrumb","itemListElement":[{"@type":"ListItem","position":1,"name":"Home","item":"https:\/\/www.probiotech.com\/fr\/"},{"@type":"ListItem","position":2,"name":"Ruminants"}]},{"@type":"WebSite","@id":"https:\/\/www.probiotech.com\/#website","url":"https:\/\/www.probiotech.com\/","name":"Probiotech","description":"Additifs naturels pour la nutrition animale","potentialAction":[{"@type":"SearchAction","target":{"@type":"EntryPoint","urlTemplate":"https:\/\/www.probiotech.com\/?s={search_term_string}"},"query-input":{"@type":"PropertyValueSpecification","valueRequired":true,"valueName":"search_term_string"}}],"inLanguage":"fr-FR"}]}},"_links":{"self":[{"href":"https:\/\/www.probiotech.com\/fr\/wp-json\/wp\/v2\/pages\/649","targetHints":{"allow":["GET"]}}],"collection":[{"href":"https:\/\/www.probiotech.com\/fr\/wp-json\/wp\/v2\/pages"}],"about":[{"href":"https:\/\/www.probiotech.com\/fr\/wp-json\/wp\/v2\/types\/page"}],"author":[{"embeddable":true,"href":"https:\/\/www.probiotech.com\/fr\/wp-json\/wp\/v2\/users\/1"}],"replies":[{"embeddable":true,"href":"https:\/\/www.probiotech.com\/fr\/wp-json\/wp\/v2\/comments?post=649"}],"version-history":[{"count":6,"href":"https:\/\/www.probiotech.com\/fr\/wp-json\/wp\/v2\/pages\/649\/revisions"}],"predecessor-version":[{"id":996,"href":"https:\/\/www.probiotech.com\/fr\/wp-json\/wp\/v2\/pages\/649\/revisions\/996"}],"wp:featuredmedia":[{"embeddable":true,"href":"https:\/\/www.probiotech.com\/fr\/wp-json\/wp\/v2\/media\/651"}],"wp:attachment":[{"href":"https:\/\/www.probiotech.com\/fr\/wp-json\/wp\/v2\/media?parent=649"}],"curies":[{"name":"wp","href":"https:\/\/api.w.org\/{rel}","templated":true}]}}