{"id":788,"date":"2025-11-18T16:16:09","date_gmt":"2025-11-18T21:16:09","guid":{"rendered":"https:\/\/www.probiotech.com\/poultry\/"},"modified":"2026-02-06T13:29:34","modified_gmt":"2026-02-06T18:29:34","slug":"volailles","status":"publish","type":"page","link":"https:\/\/www.probiotech.com\/fr\/volailles\/","title":{"rendered":"Volailles"},"content":{"rendered":"<h1 style=\"text-align: center;\">Solutions nutritionnelles optimales pour la performance de vos volailles tout au long du cycle de production<\/h1>\n<p style=\"text-align: center;\">Pour obtenir des performances optimales chez les volailles, une alimentation adapt\u00e9e est essentielle \u00e0 la sant\u00e9 et \u00e0 la productivit\u00e9 de votre \u00e9levage. Les carences nutritionnelles et le stress chez les poulets sont des probl\u00e8mes courants qui entra\u00eenent un ralentissement de la croissance, une baisse de la production d\u2019\u0153ufs et une diminution de la r\u00e9sistance aux maladies. Nos additifs alimentaires naturels pour volailles offrent des solutions \u00e0 chacun de ces d\u00e9fis. En tenant compte de la physiologie mol\u00e9culaire de chaque esp\u00e8ce, nos solutions nutritionnelles naturelles et nos compl\u00e9ments alimentaires pour volailles favorisent une production optimale d\u2019\u0153ufs et de viande, tout en am\u00e9liorant la qualit\u00e9 des poulets.<\/p>\n","protected":false},"excerpt":{"rendered":"<p>Solutions nutritionnelles optimales pour la performance de vos volailles tout au long du cycle de production Pour obtenir des performances optimales chez les volailles, une alimentation adapt\u00e9e est essentielle \u00e0 la sant\u00e9 et \u00e0 la productivit\u00e9 de votre \u00e9levage. Les carences nutritionnelles et le stress chez les poulets sont des probl\u00e8mes courants qui entra\u00eenent un [&hellip;]<\/p>\n","protected":false},"author":1,"featured_media":675,"parent":0,"menu_order":0,"comment_status":"closed","ping_status":"closed","template":"template-especes.php","meta":{"_acf_changed":false,"footnotes":""},"class_list":["post-788","page","type-page","status-publish","has-post-thumbnail","hentry"],"acf":[],"yoast_head":"<!-- This site is optimized with the Yoast SEO plugin v26.6 - https:\/\/yoast.com\/wordpress\/plugins\/seo\/ -->\n<title>Nutritional solutions - poultry, chickens, hens - improve welfare<\/title>\n<meta name=\"description\" content=\"Nutritional solutions, feed additives and bedding tailored for the performance of poultry, hens and chickens.\" \/>\n<meta name=\"robots\" content=\"index, follow, max-snippet:-1, max-image-preview:large, max-video-preview:-1\" \/>\n<link rel=\"canonical\" href=\"https:\/\/www.probiotech.com\/fr\/volailles\/\" \/>\n<meta property=\"og:locale\" content=\"fr_FR\" \/>\n<meta property=\"og:type\" content=\"article\" \/>\n<meta property=\"og:title\" content=\"Nutritional solutions - poultry, chickens, hens - improve welfare\" \/>\n<meta property=\"og:description\" content=\"Nutritional solutions, feed additives and bedding tailored for the performance of poultry, hens and chickens.\" \/>\n<meta property=\"og:url\" content=\"https:\/\/www.probiotech.com\/fr\/volailles\/\" \/>\n<meta property=\"og:site_name\" content=\"Probiotech\" \/>\n<meta property=\"article:modified_time\" content=\"2026-02-06T18:29:34+00:00\" \/>\n<meta property=\"og:image\" content=\"https:\/\/www.probiotech.com\/wp-content\/uploads\/2025\/12\/poules.webp\" \/>\n\t<meta property=\"og:image:width\" content=\"1920\" \/>\n\t<meta property=\"og:image:height\" content=\"1382\" \/>\n\t<meta property=\"og:image:type\" content=\"image\/webp\" \/>\n<meta name=\"twitter:card\" content=\"summary_large_image\" \/>\n<meta name=\"twitter:label1\" content=\"Dur\u00e9e de lecture estim\u00e9e\" \/>\n\t<meta name=\"twitter:data1\" content=\"1 minute\" \/>\n<!-- \/ Yoast SEO plugin. -->","yoast_head_json":{"title":"Nutritional solutions - poultry, chickens, hens - improve welfare","description":"Nutritional solutions, feed additives and bedding tailored for the performance of poultry, hens and chickens.","robots":{"index":"index","follow":"follow","max-snippet":"max-snippet:-1","max-image-preview":"max-image-preview:large","max-video-preview":"max-video-preview:-1"},"canonical":"https:\/\/www.probiotech.com\/fr\/volailles\/","og_locale":"fr_FR","og_type":"article","og_title":"Nutritional solutions - poultry, chickens, hens - improve welfare","og_description":"Nutritional solutions, feed additives and bedding tailored for the performance of poultry, hens and chickens.","og_url":"https:\/\/www.probiotech.com\/fr\/volailles\/","og_site_name":"Probiotech","article_modified_time":"2026-02-06T18:29:34+00:00","og_image":[{"width":1920,"height":1382,"url":"https:\/\/www.probiotech.com\/wp-content\/uploads\/2025\/12\/poules.webp","type":"image\/webp"}],"twitter_card":"summary_large_image","twitter_misc":{"Dur\u00e9e de lecture estim\u00e9e":"1 minute"},"schema":{"@context":"https:\/\/schema.org","@graph":[{"@type":"WebPage","@id":"https:\/\/www.probiotech.com\/fr\/volailles\/","url":"https:\/\/www.probiotech.com\/fr\/volailles\/","name":"Nutritional solutions - poultry, chickens, hens - improve welfare","isPartOf":{"@id":"https:\/\/www.probiotech.com\/#website"},"primaryImageOfPage":{"@id":"https:\/\/www.probiotech.com\/fr\/volailles\/#primaryimage"},"image":{"@id":"https:\/\/www.probiotech.com\/fr\/volailles\/#primaryimage"},"thumbnailUrl":"https:\/\/www.probiotech.com\/wp-content\/uploads\/2025\/12\/poules.webp","datePublished":"2025-11-18T21:16:09+00:00","dateModified":"2026-02-06T18:29:34+00:00","description":"Nutritional solutions, feed additives and bedding tailored for the performance of poultry, hens and chickens.","breadcrumb":{"@id":"https:\/\/www.probiotech.com\/fr\/volailles\/#breadcrumb"},"inLanguage":"fr-FR","potentialAction":[{"@type":"ReadAction","target":["https:\/\/www.probiotech.com\/fr\/volailles\/"]}]},{"@type":"ImageObject","inLanguage":"fr-FR","@id":"https:\/\/www.probiotech.com\/fr\/volailles\/#primaryimage","url":"https:\/\/www.probiotech.com\/wp-content\/uploads\/2025\/12\/poules.webp","contentUrl":"https:\/\/www.probiotech.com\/wp-content\/uploads\/2025\/12\/poules.webp","width":1920,"height":1382},{"@type":"BreadcrumbList","@id":"https:\/\/www.probiotech.com\/fr\/volailles\/#breadcrumb","itemListElement":[{"@type":"ListItem","position":1,"name":"Home","item":"https:\/\/www.probiotech.com\/fr\/"},{"@type":"ListItem","position":2,"name":"Volailles"}]},{"@type":"WebSite","@id":"https:\/\/www.probiotech.com\/#website","url":"https:\/\/www.probiotech.com\/","name":"Probiotech","description":"Additifs naturels pour la nutrition animale","potentialAction":[{"@type":"SearchAction","target":{"@type":"EntryPoint","urlTemplate":"https:\/\/www.probiotech.com\/?s={search_term_string}"},"query-input":{"@type":"PropertyValueSpecification","valueRequired":true,"valueName":"search_term_string"}}],"inLanguage":"fr-FR"}]}},"_links":{"self":[{"href":"https:\/\/www.probiotech.com\/fr\/wp-json\/wp\/v2\/pages\/788","targetHints":{"allow":["GET"]}}],"collection":[{"href":"https:\/\/www.probiotech.com\/fr\/wp-json\/wp\/v2\/pages"}],"about":[{"href":"https:\/\/www.probiotech.com\/fr\/wp-json\/wp\/v2\/types\/page"}],"author":[{"embeddable":true,"href":"https:\/\/www.probiotech.com\/fr\/wp-json\/wp\/v2\/users\/1"}],"replies":[{"embeddable":true,"href":"https:\/\/www.probiotech.com\/fr\/wp-json\/wp\/v2\/comments?post=788"}],"version-history":[{"count":5,"href":"https:\/\/www.probiotech.com\/fr\/wp-json\/wp\/v2\/pages\/788\/revisions"}],"predecessor-version":[{"id":997,"href":"https:\/\/www.probiotech.com\/fr\/wp-json\/wp\/v2\/pages\/788\/revisions\/997"}],"wp:featuredmedia":[{"embeddable":true,"href":"https:\/\/www.probiotech.com\/fr\/wp-json\/wp\/v2\/media\/675"}],"wp:attachment":[{"href":"https:\/\/www.probiotech.com\/fr\/wp-json\/wp\/v2\/media?parent=788"}],"curies":[{"name":"wp","href":"https:\/\/api.w.org\/{rel}","templated":true}]}}