{"id":801,"date":"2025-11-18T16:16:56","date_gmt":"2025-11-18T21:16:56","guid":{"rendered":"https:\/\/www.probiotech.com\/aquaculture\/"},"modified":"2026-02-06T13:32:57","modified_gmt":"2026-02-06T18:32:57","slug":"aquaculture","status":"publish","type":"page","link":"https:\/\/www.probiotech.com\/fr\/aquaculture\/","title":{"rendered":"Aquaculture"},"content":{"rendered":"<h1 style=\"text-align: center;\">Solutions nutritionnelles optimales pour les esp\u00e8ces aquatiques avec un impact environnemental r\u00e9duit<\/h1>\n<p style=\"text-align: center;\">Les activit\u00e9s d\u2019aquaculture d\u00e9pendent d\u2019aliments bien formul\u00e9s pour maintenir la sant\u00e9 et les performances des esp\u00e8ces aquatiques et des environnements qu\u2019elles g\u00e8rent. Plus que jamais, le r\u00f4le de la nutrition dans l\u2019impact environnemental de ces activit\u00e9s suscite des inqui\u00e9tudes. Nos solutions nutritionnelles naturelles pour l\u2019aquaculture, notamment les additifs pour la pisciculture et les additifs pour l\u2019\u00e9levage de fruits de mer, offrent une solution de remplacement rentable qui favorise la sant\u00e9 des poissons tout en minimisant l\u2019impact environnemental.<\/p>\n","protected":false},"excerpt":{"rendered":"<p>Solutions nutritionnelles optimales pour les esp\u00e8ces aquatiques avec un impact environnemental r\u00e9duit Les activit\u00e9s d\u2019aquaculture d\u00e9pendent d\u2019aliments bien formul\u00e9s pour maintenir la sant\u00e9 et les performances des esp\u00e8ces aquatiques et des environnements qu\u2019elles g\u00e8rent. Plus que jamais, le r\u00f4le de la nutrition dans l\u2019impact environnemental de ces activit\u00e9s suscite des inqui\u00e9tudes. Nos solutions nutritionnelles naturelles [&hellip;]<\/p>\n","protected":false},"author":1,"featured_media":686,"parent":0,"menu_order":0,"comment_status":"closed","ping_status":"closed","template":"template-especes.php","meta":{"_acf_changed":false,"footnotes":""},"class_list":["post-801","page","type-page","status-publish","has-post-thumbnail","hentry"],"acf":[],"yoast_head":"<!-- This site is optimized with the Yoast SEO plugin v26.6 - https:\/\/yoast.com\/wordpress\/plugins\/seo\/ -->\n<title>Aquaculture - Probiotech<\/title>\n<meta name=\"robots\" content=\"index, follow, max-snippet:-1, max-image-preview:large, max-video-preview:-1\" \/>\n<link rel=\"canonical\" href=\"https:\/\/www.probiotech.com\/fr\/aquaculture\/\" \/>\n<meta property=\"og:locale\" content=\"fr_FR\" \/>\n<meta property=\"og:type\" content=\"article\" \/>\n<meta property=\"og:title\" content=\"Aquaculture - Probiotech\" \/>\n<meta property=\"og:description\" content=\"Solutions nutritionnelles optimales pour les esp\u00e8ces aquatiques avec un impact environnemental r\u00e9duit Les activit\u00e9s d\u2019aquaculture d\u00e9pendent d\u2019aliments bien formul\u00e9s pour maintenir la sant\u00e9 et les performances des esp\u00e8ces aquatiques et des environnements qu\u2019elles g\u00e8rent. Plus que jamais, le r\u00f4le de la nutrition dans l\u2019impact environnemental de ces activit\u00e9s suscite des inqui\u00e9tudes. Nos solutions nutritionnelles naturelles [&hellip;]\" \/>\n<meta property=\"og:url\" content=\"https:\/\/www.probiotech.com\/fr\/aquaculture\/\" \/>\n<meta property=\"og:site_name\" content=\"Probiotech\" \/>\n<meta property=\"article:modified_time\" content=\"2026-02-06T18:32:57+00:00\" \/>\n<meta property=\"og:image\" content=\"https:\/\/www.probiotech.com\/wp-content\/uploads\/2025\/12\/aquaculture_header.webp\" \/>\n\t<meta property=\"og:image:width\" content=\"1920\" \/>\n\t<meta property=\"og:image:height\" content=\"1218\" \/>\n\t<meta property=\"og:image:type\" content=\"image\/webp\" \/>\n<meta name=\"twitter:card\" content=\"summary_large_image\" \/>\n<meta name=\"twitter:label1\" content=\"Dur\u00e9e de lecture estim\u00e9e\" \/>\n\t<meta name=\"twitter:data1\" content=\"1 minute\" \/>\n<!-- \/ Yoast SEO plugin. -->","yoast_head_json":{"title":"Aquaculture - Probiotech","robots":{"index":"index","follow":"follow","max-snippet":"max-snippet:-1","max-image-preview":"max-image-preview:large","max-video-preview":"max-video-preview:-1"},"canonical":"https:\/\/www.probiotech.com\/fr\/aquaculture\/","og_locale":"fr_FR","og_type":"article","og_title":"Aquaculture - Probiotech","og_description":"Solutions nutritionnelles optimales pour les esp\u00e8ces aquatiques avec un impact environnemental r\u00e9duit Les activit\u00e9s d\u2019aquaculture d\u00e9pendent d\u2019aliments bien formul\u00e9s pour maintenir la sant\u00e9 et les performances des esp\u00e8ces aquatiques et des environnements qu\u2019elles g\u00e8rent. Plus que jamais, le r\u00f4le de la nutrition dans l\u2019impact environnemental de ces activit\u00e9s suscite des inqui\u00e9tudes. Nos solutions nutritionnelles naturelles [&hellip;]","og_url":"https:\/\/www.probiotech.com\/fr\/aquaculture\/","og_site_name":"Probiotech","article_modified_time":"2026-02-06T18:32:57+00:00","og_image":[{"width":1920,"height":1218,"url":"https:\/\/www.probiotech.com\/wp-content\/uploads\/2025\/12\/aquaculture_header.webp","type":"image\/webp"}],"twitter_card":"summary_large_image","twitter_misc":{"Dur\u00e9e de lecture estim\u00e9e":"1 minute"},"schema":{"@context":"https:\/\/schema.org","@graph":[{"@type":"WebPage","@id":"https:\/\/www.probiotech.com\/fr\/aquaculture\/","url":"https:\/\/www.probiotech.com\/fr\/aquaculture\/","name":"Aquaculture - Probiotech","isPartOf":{"@id":"https:\/\/www.probiotech.com\/#website"},"primaryImageOfPage":{"@id":"https:\/\/www.probiotech.com\/fr\/aquaculture\/#primaryimage"},"image":{"@id":"https:\/\/www.probiotech.com\/fr\/aquaculture\/#primaryimage"},"thumbnailUrl":"https:\/\/www.probiotech.com\/wp-content\/uploads\/2025\/12\/aquaculture_header.webp","datePublished":"2025-11-18T21:16:56+00:00","dateModified":"2026-02-06T18:32:57+00:00","breadcrumb":{"@id":"https:\/\/www.probiotech.com\/fr\/aquaculture\/#breadcrumb"},"inLanguage":"fr-FR","potentialAction":[{"@type":"ReadAction","target":["https:\/\/www.probiotech.com\/fr\/aquaculture\/"]}]},{"@type":"ImageObject","inLanguage":"fr-FR","@id":"https:\/\/www.probiotech.com\/fr\/aquaculture\/#primaryimage","url":"https:\/\/www.probiotech.com\/wp-content\/uploads\/2025\/12\/aquaculture_header.webp","contentUrl":"https:\/\/www.probiotech.com\/wp-content\/uploads\/2025\/12\/aquaculture_header.webp","width":1920,"height":1218},{"@type":"BreadcrumbList","@id":"https:\/\/www.probiotech.com\/fr\/aquaculture\/#breadcrumb","itemListElement":[{"@type":"ListItem","position":1,"name":"Home","item":"https:\/\/www.probiotech.com\/fr\/"},{"@type":"ListItem","position":2,"name":"Aquaculture"}]},{"@type":"WebSite","@id":"https:\/\/www.probiotech.com\/#website","url":"https:\/\/www.probiotech.com\/","name":"Probiotech","description":"Additifs naturels pour la nutrition animale","potentialAction":[{"@type":"SearchAction","target":{"@type":"EntryPoint","urlTemplate":"https:\/\/www.probiotech.com\/?s={search_term_string}"},"query-input":{"@type":"PropertyValueSpecification","valueRequired":true,"valueName":"search_term_string"}}],"inLanguage":"fr-FR"}]}},"_links":{"self":[{"href":"https:\/\/www.probiotech.com\/fr\/wp-json\/wp\/v2\/pages\/801","targetHints":{"allow":["GET"]}}],"collection":[{"href":"https:\/\/www.probiotech.com\/fr\/wp-json\/wp\/v2\/pages"}],"about":[{"href":"https:\/\/www.probiotech.com\/fr\/wp-json\/wp\/v2\/types\/page"}],"author":[{"embeddable":true,"href":"https:\/\/www.probiotech.com\/fr\/wp-json\/wp\/v2\/users\/1"}],"replies":[{"embeddable":true,"href":"https:\/\/www.probiotech.com\/fr\/wp-json\/wp\/v2\/comments?post=801"}],"version-history":[{"count":4,"href":"https:\/\/www.probiotech.com\/fr\/wp-json\/wp\/v2\/pages\/801\/revisions"}],"predecessor-version":[{"id":1001,"href":"https:\/\/www.probiotech.com\/fr\/wp-json\/wp\/v2\/pages\/801\/revisions\/1001"}],"wp:featuredmedia":[{"embeddable":true,"href":"https:\/\/www.probiotech.com\/fr\/wp-json\/wp\/v2\/media\/686"}],"wp:attachment":[{"href":"https:\/\/www.probiotech.com\/fr\/wp-json\/wp\/v2\/media?parent=801"}],"curies":[{"name":"wp","href":"https:\/\/api.w.org\/{rel}","templated":true}]}}