{"id":804,"date":"2025-11-19T14:23:46","date_gmt":"2025-11-19T19:23:46","guid":{"rendered":"https:\/\/www.probiotech.com\/our-solutions\/"},"modified":"2026-02-06T13:35:42","modified_gmt":"2026-02-06T18:35:42","slug":"nos-solutions","status":"publish","type":"page","link":"https:\/\/www.probiotech.com\/fr\/nos-solutions\/","title":{"rendered":"Solutions"},"content":{"rendered":"<h1 style=\"text-align: center;\">Des solutions \u00e0 la crois\u00e9e de l\u2019innovation, de l\u2019\u00e9thique animale, de la productivit\u00e9 et de la rentabilit\u00e9<\/h1>\n<p style=\"text-align: center;\">Nos ingr\u00e9dients actifs et nos produits de sant\u00e9 v\u00e9t\u00e9rinaires de nouvelle g\u00e9n\u00e9ration offrent des solutions \u00e9prouv\u00e9es aux fabricants d\u2019aliments pour animaux ainsi qu\u2019aux v\u00e9t\u00e9rinaires. En tant que pionniers dans le d\u00e9veloppement de formulations naturelles pour le b\u00e9tail et d\u2019ingr\u00e9dients pour l\u2019alimentation des animaux de compagnie, nous proposons une approche innovante ancr\u00e9e dans la nature et renforc\u00e9e par notre engagement dans l\u2019\u00e9limination des antibiotiques et des produits chimiques nocifs dans la nourriture et dans l\u2019eau dont d\u00e9pendent les animaux.<\/p>\n","protected":false},"excerpt":{"rendered":"<p>Nos ingr\u00e9dients actifs et nos produits de sant\u00e9 v\u00e9t\u00e9rinaires de nouvelle g\u00e9n\u00e9ration offrent des solutions \u00e9prouv\u00e9es aux fabricants d\u2019aliments pour animaux ainsi qu\u2019aux v\u00e9t\u00e9rinaires.<\/p>\n","protected":false},"author":1,"featured_media":688,"parent":0,"menu_order":0,"comment_status":"closed","ping_status":"closed","template":"","meta":{"_acf_changed":false,"footnotes":""},"class_list":["post-804","page","type-page","status-publish","has-post-thumbnail","hentry"],"acf":[],"yoast_head":"<!-- This site is optimized with the Yoast SEO plugin v26.6 - https:\/\/yoast.com\/wordpress\/plugins\/seo\/ -->\n<title>Livestock and pets dietary solutions using functional ingredients<\/title>\n<meta name=\"description\" content=\"Our natural feed, water and litter additives offer proven solutions that target a species\u2019 physiology to improve animal well-being and health.\" \/>\n<meta name=\"robots\" content=\"index, follow, max-snippet:-1, max-image-preview:large, max-video-preview:-1\" \/>\n<link rel=\"canonical\" href=\"https:\/\/www.probiotech.com\/fr\/nos-solutions\/\" \/>\n<meta property=\"og:locale\" content=\"fr_FR\" \/>\n<meta property=\"og:type\" content=\"article\" \/>\n<meta property=\"og:title\" content=\"Livestock and pets dietary solutions using functional ingredients\" \/>\n<meta property=\"og:description\" content=\"Our natural feed, water and litter additives offer proven solutions that target a species\u2019 physiology to improve animal well-being and health.\" \/>\n<meta property=\"og:url\" content=\"https:\/\/www.probiotech.com\/fr\/nos-solutions\/\" \/>\n<meta property=\"og:site_name\" content=\"Probiotech\" \/>\n<meta property=\"article:modified_time\" content=\"2026-02-06T18:35:42+00:00\" \/>\n<meta property=\"og:image\" content=\"https:\/\/www.probiotech.com\/wp-content\/uploads\/2025\/12\/solutions_default.webp\" \/>\n\t<meta property=\"og:image:width\" content=\"1920\" \/>\n\t<meta property=\"og:image:height\" content=\"1080\" \/>\n\t<meta property=\"og:image:type\" content=\"image\/webp\" \/>\n<meta name=\"twitter:card\" content=\"summary_large_image\" \/>\n<meta name=\"twitter:label1\" content=\"Dur\u00e9e de lecture estim\u00e9e\" \/>\n\t<meta name=\"twitter:data1\" content=\"1 minute\" \/>\n<!-- \/ Yoast SEO plugin. -->","yoast_head_json":{"title":"Livestock and pets dietary solutions using functional ingredients","description":"Our natural feed, water and litter additives offer proven solutions that target a species\u2019 physiology to improve animal well-being and health.","robots":{"index":"index","follow":"follow","max-snippet":"max-snippet:-1","max-image-preview":"max-image-preview:large","max-video-preview":"max-video-preview:-1"},"canonical":"https:\/\/www.probiotech.com\/fr\/nos-solutions\/","og_locale":"fr_FR","og_type":"article","og_title":"Livestock and pets dietary solutions using functional ingredients","og_description":"Our natural feed, water and litter additives offer proven solutions that target a species\u2019 physiology to improve animal well-being and health.","og_url":"https:\/\/www.probiotech.com\/fr\/nos-solutions\/","og_site_name":"Probiotech","article_modified_time":"2026-02-06T18:35:42+00:00","og_image":[{"width":1920,"height":1080,"url":"https:\/\/www.probiotech.com\/wp-content\/uploads\/2025\/12\/solutions_default.webp","type":"image\/webp"}],"twitter_card":"summary_large_image","twitter_misc":{"Dur\u00e9e de lecture estim\u00e9e":"1 minute"},"schema":{"@context":"https:\/\/schema.org","@graph":[{"@type":"WebPage","@id":"https:\/\/www.probiotech.com\/fr\/nos-solutions\/","url":"https:\/\/www.probiotech.com\/fr\/nos-solutions\/","name":"Livestock and pets dietary solutions using functional ingredients","isPartOf":{"@id":"https:\/\/www.probiotech.com\/#website"},"primaryImageOfPage":{"@id":"https:\/\/www.probiotech.com\/fr\/nos-solutions\/#primaryimage"},"image":{"@id":"https:\/\/www.probiotech.com\/fr\/nos-solutions\/#primaryimage"},"thumbnailUrl":"https:\/\/www.probiotech.com\/wp-content\/uploads\/2025\/12\/solutions_default.webp","datePublished":"2025-11-19T19:23:46+00:00","dateModified":"2026-02-06T18:35:42+00:00","description":"Our natural feed, water and litter additives offer proven solutions that target a species\u2019 physiology to improve animal well-being and health.","breadcrumb":{"@id":"https:\/\/www.probiotech.com\/fr\/nos-solutions\/#breadcrumb"},"inLanguage":"fr-FR","potentialAction":[{"@type":"ReadAction","target":["https:\/\/www.probiotech.com\/fr\/nos-solutions\/"]}]},{"@type":"ImageObject","inLanguage":"fr-FR","@id":"https:\/\/www.probiotech.com\/fr\/nos-solutions\/#primaryimage","url":"https:\/\/www.probiotech.com\/wp-content\/uploads\/2025\/12\/solutions_default.webp","contentUrl":"https:\/\/www.probiotech.com\/wp-content\/uploads\/2025\/12\/solutions_default.webp","width":1920,"height":1080},{"@type":"BreadcrumbList","@id":"https:\/\/www.probiotech.com\/fr\/nos-solutions\/#breadcrumb","itemListElement":[{"@type":"ListItem","position":1,"name":"Home","item":"https:\/\/www.probiotech.com\/fr\/"},{"@type":"ListItem","position":2,"name":"Solutions"}]},{"@type":"WebSite","@id":"https:\/\/www.probiotech.com\/#website","url":"https:\/\/www.probiotech.com\/","name":"Probiotech","description":"Additifs naturels pour la nutrition animale","potentialAction":[{"@type":"SearchAction","target":{"@type":"EntryPoint","urlTemplate":"https:\/\/www.probiotech.com\/?s={search_term_string}"},"query-input":{"@type":"PropertyValueSpecification","valueRequired":true,"valueName":"search_term_string"}}],"inLanguage":"fr-FR"}]}},"_links":{"self":[{"href":"https:\/\/www.probiotech.com\/fr\/wp-json\/wp\/v2\/pages\/804","targetHints":{"allow":["GET"]}}],"collection":[{"href":"https:\/\/www.probiotech.com\/fr\/wp-json\/wp\/v2\/pages"}],"about":[{"href":"https:\/\/www.probiotech.com\/fr\/wp-json\/wp\/v2\/types\/page"}],"author":[{"embeddable":true,"href":"https:\/\/www.probiotech.com\/fr\/wp-json\/wp\/v2\/users\/1"}],"replies":[{"embeddable":true,"href":"https:\/\/www.probiotech.com\/fr\/wp-json\/wp\/v2\/comments?post=804"}],"version-history":[{"count":10,"href":"https:\/\/www.probiotech.com\/fr\/wp-json\/wp\/v2\/pages\/804\/revisions"}],"predecessor-version":[{"id":1003,"href":"https:\/\/www.probiotech.com\/fr\/wp-json\/wp\/v2\/pages\/804\/revisions\/1003"}],"wp:featuredmedia":[{"embeddable":true,"href":"https:\/\/www.probiotech.com\/fr\/wp-json\/wp\/v2\/media\/688"}],"wp:attachment":[{"href":"https:\/\/www.probiotech.com\/fr\/wp-json\/wp\/v2\/media?parent=804"}],"curies":[{"name":"wp","href":"https:\/\/api.w.org\/{rel}","templated":true}]}}