{"id":809,"date":"2025-11-18T16:17:44","date_gmt":"2025-11-18T21:17:44","guid":{"rendered":"https:\/\/www.probiotech.com\/nos-solutions\/welfare-management\/"},"modified":"2026-02-12T10:59:21","modified_gmt":"2026-02-12T15:59:21","slug":"gestion-du-bien-etre","status":"publish","type":"page","link":"https:\/\/www.probiotech.com\/fr\/nos-solutions\/gestion-du-bien-etre\/","title":{"rendered":"Gestion du bien-\u00eatre"},"content":{"rendered":"<h1 style=\"text-align: center;\">Am\u00e9liorer le bien-\u00eatre et la sant\u00e9 des animaux<\/h1>\n<p style=\"text-align: center;\">Les probl\u00e8mes de sant\u00e9 du b\u00e9tail sont des cons\u00e9quences fr\u00e9quentes de l\u2019\u00e9levage intensif, notamment en raison des manipulations stressantes et de l\u2019enrichissement limit\u00e9 du milieu de vie. Cette situation est souvent exacerb\u00e9e par la pratique consistant \u00e0 laisser le b\u00e9tail en libert\u00e9, ce qui l\u2019expose \u00e0 des sols contamin\u00e9s ou sales. C\u2019est l\u00e0 qu\u2019intervient Probiotech. Nos additifs naturels pour l\u2019alimentation, l\u2019eau et la liti\u00e8re offrent des solutions \u00e9prouv\u00e9es qui ciblent la physiologie d\u2019une esp\u00e8ce afin d\u2019am\u00e9liorer le bien-\u00eatre et la sant\u00e9 des animaux.<\/p>\n","protected":false},"excerpt":{"rendered":"<p>Les probl\u00e8mes de sant\u00e9 du b\u00e9tail sont des cons\u00e9quences fr\u00e9quentes de l\u2019\u00e9levage intensif, notamment en raison des manipulations stressantes et de l\u2019enrichissement limit\u00e9 du milieu de vie. Cette situation est souvent exacerb\u00e9e par la pratique consistant \u00e0 laisser le b\u00e9tail en libert\u00e9, ce qui l\u2019expose \u00e0 des sols contamin\u00e9s ou sales. C\u2019est l\u00e0 qu\u2019intervient Probiotech. Nos additifs naturels pour l\u2019alimentation, l\u2019eau et la liti\u00e8re offrent des solutions \u00e9prouv\u00e9es qui ciblent la physiologie d\u2019une esp\u00e8ce afin d\u2019am\u00e9liorer le bien-\u00eatre et la sant\u00e9 des animaux.<\/p>\n","protected":false},"author":1,"featured_media":702,"parent":804,"menu_order":0,"comment_status":"closed","ping_status":"closed","template":"template-solutions.php","meta":{"_acf_changed":false,"footnotes":""},"class_list":["post-809","page","type-page","status-publish","has-post-thumbnail","hentry"],"acf":[],"yoast_head":"<!-- This site is optimized with the Yoast SEO plugin v26.6 - https:\/\/yoast.com\/wordpress\/plugins\/seo\/ -->\n<title>Natural solutions - promote well-being and reduce stress in animals<\/title>\n<meta name=\"description\" content=\"Natural solutions for food, water and bedding that help contribute to the well-being and reduction of stress in pets and farm animals.\" \/>\n<meta name=\"robots\" content=\"index, follow, max-snippet:-1, max-image-preview:large, max-video-preview:-1\" \/>\n<link rel=\"canonical\" href=\"https:\/\/www.probiotech.com\/fr\/nos-solutions\/gestion-du-bien-etre\/\" \/>\n<meta property=\"og:locale\" content=\"fr_FR\" \/>\n<meta property=\"og:type\" content=\"article\" \/>\n<meta property=\"og:title\" content=\"Natural solutions - promote well-being and reduce stress in animals\" \/>\n<meta property=\"og:description\" content=\"Natural solutions for food, water and bedding that help contribute to the well-being and reduction of stress in pets and farm animals.\" \/>\n<meta property=\"og:url\" content=\"https:\/\/www.probiotech.com\/fr\/nos-solutions\/gestion-du-bien-etre\/\" \/>\n<meta property=\"og:site_name\" content=\"Probiotech\" \/>\n<meta property=\"article:modified_time\" content=\"2026-02-12T15:59:21+00:00\" \/>\n<meta property=\"og:image\" content=\"https:\/\/www.probiotech.com\/wp-content\/uploads\/2025\/12\/header_welfare.webp\" \/>\n\t<meta property=\"og:image:width\" content=\"1920\" \/>\n\t<meta property=\"og:image:height\" content=\"1283\" \/>\n\t<meta property=\"og:image:type\" content=\"image\/webp\" \/>\n<meta name=\"twitter:card\" content=\"summary_large_image\" \/>\n<meta name=\"twitter:label1\" content=\"Dur\u00e9e de lecture estim\u00e9e\" \/>\n\t<meta name=\"twitter:data1\" content=\"1 minute\" \/>\n<!-- \/ Yoast SEO plugin. -->","yoast_head_json":{"title":"Natural solutions - promote well-being and reduce stress in animals","description":"Natural solutions for food, water and bedding that help contribute to the well-being and reduction of stress in pets and farm animals.","robots":{"index":"index","follow":"follow","max-snippet":"max-snippet:-1","max-image-preview":"max-image-preview:large","max-video-preview":"max-video-preview:-1"},"canonical":"https:\/\/www.probiotech.com\/fr\/nos-solutions\/gestion-du-bien-etre\/","og_locale":"fr_FR","og_type":"article","og_title":"Natural solutions - promote well-being and reduce stress in animals","og_description":"Natural solutions for food, water and bedding that help contribute to the well-being and reduction of stress in pets and farm animals.","og_url":"https:\/\/www.probiotech.com\/fr\/nos-solutions\/gestion-du-bien-etre\/","og_site_name":"Probiotech","article_modified_time":"2026-02-12T15:59:21+00:00","og_image":[{"width":1920,"height":1283,"url":"https:\/\/www.probiotech.com\/wp-content\/uploads\/2025\/12\/header_welfare.webp","type":"image\/webp"}],"twitter_card":"summary_large_image","twitter_misc":{"Dur\u00e9e de lecture estim\u00e9e":"1 minute"},"schema":{"@context":"https:\/\/schema.org","@graph":[{"@type":"WebPage","@id":"https:\/\/www.probiotech.com\/fr\/nos-solutions\/gestion-du-bien-etre\/","url":"https:\/\/www.probiotech.com\/fr\/nos-solutions\/gestion-du-bien-etre\/","name":"Natural solutions - promote well-being and reduce stress in animals","isPartOf":{"@id":"https:\/\/www.probiotech.com\/#website"},"primaryImageOfPage":{"@id":"https:\/\/www.probiotech.com\/fr\/nos-solutions\/gestion-du-bien-etre\/#primaryimage"},"image":{"@id":"https:\/\/www.probiotech.com\/fr\/nos-solutions\/gestion-du-bien-etre\/#primaryimage"},"thumbnailUrl":"https:\/\/www.probiotech.com\/wp-content\/uploads\/2025\/12\/header_welfare.webp","datePublished":"2025-11-18T21:17:44+00:00","dateModified":"2026-02-12T15:59:21+00:00","description":"Natural solutions for food, water and bedding that help contribute to the well-being and reduction of stress in pets and farm animals.","breadcrumb":{"@id":"https:\/\/www.probiotech.com\/fr\/nos-solutions\/gestion-du-bien-etre\/#breadcrumb"},"inLanguage":"fr-FR","potentialAction":[{"@type":"ReadAction","target":["https:\/\/www.probiotech.com\/fr\/nos-solutions\/gestion-du-bien-etre\/"]}]},{"@type":"ImageObject","inLanguage":"fr-FR","@id":"https:\/\/www.probiotech.com\/fr\/nos-solutions\/gestion-du-bien-etre\/#primaryimage","url":"https:\/\/www.probiotech.com\/wp-content\/uploads\/2025\/12\/header_welfare.webp","contentUrl":"https:\/\/www.probiotech.com\/wp-content\/uploads\/2025\/12\/header_welfare.webp","width":1920,"height":1283},{"@type":"BreadcrumbList","@id":"https:\/\/www.probiotech.com\/fr\/nos-solutions\/gestion-du-bien-etre\/#breadcrumb","itemListElement":[{"@type":"ListItem","position":1,"name":"Home","item":"https:\/\/www.probiotech.com\/fr\/"},{"@type":"ListItem","position":2,"name":"Solutions","item":"https:\/\/www.probiotech.com\/fr\/nos-solutions\/"},{"@type":"ListItem","position":3,"name":"Gestion du bien-\u00eatre"}]},{"@type":"WebSite","@id":"https:\/\/www.probiotech.com\/#website","url":"https:\/\/www.probiotech.com\/","name":"Probiotech","description":"Additifs naturels pour la nutrition animale","potentialAction":[{"@type":"SearchAction","target":{"@type":"EntryPoint","urlTemplate":"https:\/\/www.probiotech.com\/?s={search_term_string}"},"query-input":{"@type":"PropertyValueSpecification","valueRequired":true,"valueName":"search_term_string"}}],"inLanguage":"fr-FR"}]}},"_links":{"self":[{"href":"https:\/\/www.probiotech.com\/fr\/wp-json\/wp\/v2\/pages\/809","targetHints":{"allow":["GET"]}}],"collection":[{"href":"https:\/\/www.probiotech.com\/fr\/wp-json\/wp\/v2\/pages"}],"about":[{"href":"https:\/\/www.probiotech.com\/fr\/wp-json\/wp\/v2\/types\/page"}],"author":[{"embeddable":true,"href":"https:\/\/www.probiotech.com\/fr\/wp-json\/wp\/v2\/users\/1"}],"replies":[{"embeddable":true,"href":"https:\/\/www.probiotech.com\/fr\/wp-json\/wp\/v2\/comments?post=809"}],"version-history":[{"count":4,"href":"https:\/\/www.probiotech.com\/fr\/wp-json\/wp\/v2\/pages\/809\/revisions"}],"predecessor-version":[{"id":1036,"href":"https:\/\/www.probiotech.com\/fr\/wp-json\/wp\/v2\/pages\/809\/revisions\/1036"}],"up":[{"embeddable":true,"href":"https:\/\/www.probiotech.com\/fr\/wp-json\/wp\/v2\/pages\/804"}],"wp:featuredmedia":[{"embeddable":true,"href":"https:\/\/www.probiotech.com\/fr\/wp-json\/wp\/v2\/media\/702"}],"wp:attachment":[{"href":"https:\/\/www.probiotech.com\/fr\/wp-json\/wp\/v2\/media?parent=809"}],"curies":[{"name":"wp","href":"https:\/\/api.w.org\/{rel}","templated":true}]}}