{"id":816,"date":"2025-11-18T16:18:02","date_gmt":"2025-11-18T21:18:02","guid":{"rendered":"https:\/\/www.probiotech.com\/nos-solutions\/prevention-of-bacterial-challenges\/"},"modified":"2026-02-12T11:00:18","modified_gmt":"2026-02-12T16:00:18","slug":"prevention-des-infections-bacteriennes","status":"publish","type":"page","link":"https:\/\/www.probiotech.com\/fr\/nos-solutions\/prevention-des-infections-bacteriennes\/","title":{"rendered":"Pr\u00e9vention des infections bact\u00e9riennes"},"content":{"rendered":"<h1 style=\"text-align: center;\"><strong>Pr\u00e9venir les infections bact\u00e9riennes gr\u00e2ce \u00e0 des alternatives naturelles aux antibiotiques pour le b\u00e9tail et \u00e0 des ingr\u00e9dients pour l\u2019alimentation des animaux de compagnie<\/strong><\/h1>\n<p style=\"text-align: center;\">Les menaces bact\u00e9riennes constituent un risque important pour l\u2019immunit\u00e9 du b\u00e9tail et des animaux de compagnie. Parall\u00e8lement, l\u2019augmentation des bact\u00e9ries r\u00e9sistantes aux antibiotiques, due \u00e0 la surutilisation de ces derniers, est devenue un probl\u00e8me de sant\u00e9 publique majeur, tant pour les animaux que pour les humains. C\u2019est l\u00e0 qu\u2019intervient Probiotech. Nos additifs naturels offrent des solutions \u00e9prouv\u00e9es qui traitent la physiologie mol\u00e9culaire d\u2019une vari\u00e9t\u00e9 d\u2019esp\u00e8ces afin de pr\u00e9venir les infections chez les animaux de compagnie et le b\u00e9tail. Les alternatives aux antibiotiques de nouvelle g\u00e9n\u00e9ration pour le b\u00e9tail offrent \u00e9galement la s\u00e9curit\u00e9 dans la production alimentaire et la durabilit\u00e9.<\/p>\n","protected":false},"excerpt":{"rendered":"<p>Les menaces bact\u00e9riennes constituent un risque important pour l\u2019immunit\u00e9 du b\u00e9tail et des animaux de compagnie. Parall\u00e8lement, l\u2019augmentation des bact\u00e9ries r\u00e9sistantes aux antibiotiques, due \u00e0 la surutilisation de ces derniers, est devenue un probl\u00e8me de sant\u00e9 publique majeur, tant pour les animaux que pour les humains. C\u2019est l\u00e0 qu\u2019intervient Probiotech. Nos additifs naturels offrent des solutions \u00e9prouv\u00e9es qui traitent la physiologie mol\u00e9culaire d\u2019une vari\u00e9t\u00e9 d\u2019esp\u00e8ces afin de pr\u00e9venir les infections chez les animaux de compagnie et le b\u00e9tail. Les alternatives aux antibiotiques de nouvelle g\u00e9n\u00e9ration pour le b\u00e9tail offrent \u00e9galement la s\u00e9curit\u00e9 dans la production alimentaire et la durabilit\u00e9.<\/p>\n","protected":false},"author":1,"featured_media":704,"parent":804,"menu_order":0,"comment_status":"closed","ping_status":"closed","template":"template-solutions.php","meta":{"_acf_changed":false,"footnotes":""},"class_list":["post-816","page","type-page","status-publish","has-post-thumbnail","hentry"],"acf":[],"yoast_head":"<!-- This site is optimized with the Yoast SEO plugin v26.6 - https:\/\/yoast.com\/wordpress\/plugins\/seo\/ -->\n<title>Natural immune solutions for farm animals - Bacterial management<\/title>\n<meta name=\"description\" content=\"Prevention of infections and diseases, strengthening of immune systems and biosecurity of livestock through natural methods and solutions.\" \/>\n<meta name=\"robots\" content=\"index, follow, max-snippet:-1, max-image-preview:large, max-video-preview:-1\" \/>\n<link rel=\"canonical\" href=\"https:\/\/www.probiotech.com\/fr\/nos-solutions\/prevention-des-infections-bacteriennes\/\" \/>\n<meta property=\"og:locale\" content=\"fr_FR\" \/>\n<meta property=\"og:type\" content=\"article\" \/>\n<meta property=\"og:title\" content=\"Natural immune solutions for farm animals - Bacterial management\" \/>\n<meta property=\"og:description\" content=\"Prevention of infections and diseases, strengthening of immune systems and biosecurity of livestock through natural methods and solutions.\" \/>\n<meta property=\"og:url\" content=\"https:\/\/www.probiotech.com\/fr\/nos-solutions\/prevention-des-infections-bacteriennes\/\" \/>\n<meta property=\"og:site_name\" content=\"Probiotech\" \/>\n<meta property=\"article:modified_time\" content=\"2026-02-12T16:00:18+00:00\" \/>\n<meta property=\"og:image\" content=\"https:\/\/www.probiotech.com\/wp-content\/uploads\/2025\/12\/bacterial_header.webp\" \/>\n\t<meta property=\"og:image:width\" content=\"1920\" \/>\n\t<meta property=\"og:image:height\" content=\"1145\" \/>\n\t<meta property=\"og:image:type\" content=\"image\/webp\" \/>\n<meta name=\"twitter:card\" content=\"summary_large_image\" \/>\n<meta name=\"twitter:label1\" content=\"Dur\u00e9e de lecture estim\u00e9e\" \/>\n\t<meta name=\"twitter:data1\" content=\"1 minute\" \/>\n<!-- \/ Yoast SEO plugin. -->","yoast_head_json":{"title":"Natural immune solutions for farm animals - Bacterial management","description":"Prevention of infections and diseases, strengthening of immune systems and biosecurity of livestock through natural methods and solutions.","robots":{"index":"index","follow":"follow","max-snippet":"max-snippet:-1","max-image-preview":"max-image-preview:large","max-video-preview":"max-video-preview:-1"},"canonical":"https:\/\/www.probiotech.com\/fr\/nos-solutions\/prevention-des-infections-bacteriennes\/","og_locale":"fr_FR","og_type":"article","og_title":"Natural immune solutions for farm animals - Bacterial management","og_description":"Prevention of infections and diseases, strengthening of immune systems and biosecurity of livestock through natural methods and solutions.","og_url":"https:\/\/www.probiotech.com\/fr\/nos-solutions\/prevention-des-infections-bacteriennes\/","og_site_name":"Probiotech","article_modified_time":"2026-02-12T16:00:18+00:00","og_image":[{"width":1920,"height":1145,"url":"https:\/\/www.probiotech.com\/wp-content\/uploads\/2025\/12\/bacterial_header.webp","type":"image\/webp"}],"twitter_card":"summary_large_image","twitter_misc":{"Dur\u00e9e de lecture estim\u00e9e":"1 minute"},"schema":{"@context":"https:\/\/schema.org","@graph":[{"@type":"WebPage","@id":"https:\/\/www.probiotech.com\/fr\/nos-solutions\/prevention-des-infections-bacteriennes\/","url":"https:\/\/www.probiotech.com\/fr\/nos-solutions\/prevention-des-infections-bacteriennes\/","name":"Natural immune solutions for farm animals - Bacterial management","isPartOf":{"@id":"https:\/\/www.probiotech.com\/#website"},"primaryImageOfPage":{"@id":"https:\/\/www.probiotech.com\/fr\/nos-solutions\/prevention-des-infections-bacteriennes\/#primaryimage"},"image":{"@id":"https:\/\/www.probiotech.com\/fr\/nos-solutions\/prevention-des-infections-bacteriennes\/#primaryimage"},"thumbnailUrl":"https:\/\/www.probiotech.com\/wp-content\/uploads\/2025\/12\/bacterial_header.webp","datePublished":"2025-11-18T21:18:02+00:00","dateModified":"2026-02-12T16:00:18+00:00","description":"Prevention of infections and diseases, strengthening of immune systems and biosecurity of livestock through natural methods and solutions.","breadcrumb":{"@id":"https:\/\/www.probiotech.com\/fr\/nos-solutions\/prevention-des-infections-bacteriennes\/#breadcrumb"},"inLanguage":"fr-FR","potentialAction":[{"@type":"ReadAction","target":["https:\/\/www.probiotech.com\/fr\/nos-solutions\/prevention-des-infections-bacteriennes\/"]}]},{"@type":"ImageObject","inLanguage":"fr-FR","@id":"https:\/\/www.probiotech.com\/fr\/nos-solutions\/prevention-des-infections-bacteriennes\/#primaryimage","url":"https:\/\/www.probiotech.com\/wp-content\/uploads\/2025\/12\/bacterial_header.webp","contentUrl":"https:\/\/www.probiotech.com\/wp-content\/uploads\/2025\/12\/bacterial_header.webp","width":1920,"height":1145},{"@type":"BreadcrumbList","@id":"https:\/\/www.probiotech.com\/fr\/nos-solutions\/prevention-des-infections-bacteriennes\/#breadcrumb","itemListElement":[{"@type":"ListItem","position":1,"name":"Home","item":"https:\/\/www.probiotech.com\/fr\/"},{"@type":"ListItem","position":2,"name":"Solutions","item":"https:\/\/www.probiotech.com\/fr\/nos-solutions\/"},{"@type":"ListItem","position":3,"name":"Pr\u00e9vention des infections bact\u00e9riennes"}]},{"@type":"WebSite","@id":"https:\/\/www.probiotech.com\/#website","url":"https:\/\/www.probiotech.com\/","name":"Probiotech","description":"Additifs naturels pour la nutrition animale","potentialAction":[{"@type":"SearchAction","target":{"@type":"EntryPoint","urlTemplate":"https:\/\/www.probiotech.com\/?s={search_term_string}"},"query-input":{"@type":"PropertyValueSpecification","valueRequired":true,"valueName":"search_term_string"}}],"inLanguage":"fr-FR"}]}},"_links":{"self":[{"href":"https:\/\/www.probiotech.com\/fr\/wp-json\/wp\/v2\/pages\/816","targetHints":{"allow":["GET"]}}],"collection":[{"href":"https:\/\/www.probiotech.com\/fr\/wp-json\/wp\/v2\/pages"}],"about":[{"href":"https:\/\/www.probiotech.com\/fr\/wp-json\/wp\/v2\/types\/page"}],"author":[{"embeddable":true,"href":"https:\/\/www.probiotech.com\/fr\/wp-json\/wp\/v2\/users\/1"}],"replies":[{"embeddable":true,"href":"https:\/\/www.probiotech.com\/fr\/wp-json\/wp\/v2\/comments?post=816"}],"version-history":[{"count":5,"href":"https:\/\/www.probiotech.com\/fr\/wp-json\/wp\/v2\/pages\/816\/revisions"}],"predecessor-version":[{"id":1041,"href":"https:\/\/www.probiotech.com\/fr\/wp-json\/wp\/v2\/pages\/816\/revisions\/1041"}],"up":[{"embeddable":true,"href":"https:\/\/www.probiotech.com\/fr\/wp-json\/wp\/v2\/pages\/804"}],"wp:featuredmedia":[{"embeddable":true,"href":"https:\/\/www.probiotech.com\/fr\/wp-json\/wp\/v2\/media\/704"}],"wp:attachment":[{"href":"https:\/\/www.probiotech.com\/fr\/wp-json\/wp\/v2\/media?parent=816"}],"curies":[{"name":"wp","href":"https:\/\/api.w.org\/{rel}","templated":true}]}}