{"id":819,"date":"2025-11-18T16:18:10","date_gmt":"2025-11-18T21:18:10","guid":{"rendered":"https:\/\/www.probiotech.com\/nos-solutions\/prevention-of-protozoal-challenges\/"},"modified":"2026-02-12T11:00:02","modified_gmt":"2026-02-12T16:00:02","slug":"prevention-of-protozoal-challenges","status":"publish","type":"page","link":"https:\/\/www.probiotech.com\/fr\/nos-solutions\/prevention-of-protozoal-challenges\/","title":{"rendered":"Pr\u00e9vention des infections protozoaires"},"content":{"rendered":"<h1 style=\"text-align: center;\">Pr\u00e9venir les infections caus\u00e9es par les protozoaires pour am\u00e9liorer la sant\u00e9 des animaux<\/h1>\n<p style=\"text-align: center;\">Les protozoaires peuvent provoquer une colonisation intestinale importante et des troubles digestifs chez le b\u00e9tail et les animaux de compagnie. Sans traitement, ils peuvent m\u00eame entra\u00eener une morbidit\u00e9. Ces organismes se d\u00e9veloppent dans les environnements chauds et humides et se transmettent souvent par l\u2019eau ou les aliments contamin\u00e9s.<\/p>\n<p style=\"text-align: center;\">C\u2019est l\u00e0 qu\u2019intervient Probiotech. Nos additifs naturels pour l\u2019alimentation animale et l\u2019eau offrent des solutions \u00e9prouv\u00e9es qui traitent la physiologie mol\u00e9culaire d\u2019une vari\u00e9t\u00e9 d\u2019esp\u00e8ces afin de contrer les d\u00e9fis du d\u00e9veloppement et de la multiplication des protozoaires.<\/p>\n","protected":false},"excerpt":{"rendered":"<p>Les protozoaires peuvent provoquer une colonisation intestinale importante et des troubles digestifs chez le b\u00e9tail et les animaux de compagnie. Sans traitement, ils peuvent m\u00eame entra\u00eener une morbidit\u00e9. Ces organismes se d\u00e9veloppent dans les environnements chauds et humides et se transmettent souvent par l\u2019eau ou les aliments contamin\u00e9s.<\/p>\n","protected":false},"author":1,"featured_media":705,"parent":804,"menu_order":0,"comment_status":"closed","ping_status":"closed","template":"template-solutions.php","meta":{"_acf_changed":false,"footnotes":""},"class_list":["post-819","page","type-page","status-publish","has-post-thumbnail","hentry"],"acf":[],"yoast_head":"<!-- This site is optimized with the Yoast SEO plugin v26.6 - https:\/\/yoast.com\/wordpress\/plugins\/seo\/ -->\n<title>Preventing and reducing the impact of protozoan parasites in animals<\/title>\n<meta name=\"description\" content=\"100% natural and alternative solutions to anthelmintic medicines for the prevention, control and mitigation of the harmful effects of protozoan parasites in livestock\" \/>\n<meta name=\"robots\" content=\"index, follow, max-snippet:-1, max-image-preview:large, max-video-preview:-1\" \/>\n<link rel=\"canonical\" href=\"https:\/\/www.probiotech.com\/fr\/nos-solutions\/prevention-of-protozoal-challenges\/\" \/>\n<meta property=\"og:locale\" content=\"fr_FR\" \/>\n<meta property=\"og:type\" content=\"article\" \/>\n<meta property=\"og:title\" content=\"Preventing and reducing the impact of protozoan parasites in animals\" \/>\n<meta property=\"og:description\" content=\"100% natural and alternative solutions to anthelmintic medicines for the prevention, control and mitigation of the harmful effects of protozoan parasites in livestock\" \/>\n<meta property=\"og:url\" content=\"https:\/\/www.probiotech.com\/fr\/nos-solutions\/prevention-of-protozoal-challenges\/\" \/>\n<meta property=\"og:site_name\" content=\"Probiotech\" \/>\n<meta property=\"article:modified_time\" content=\"2026-02-12T16:00:02+00:00\" \/>\n<meta property=\"og:image\" content=\"https:\/\/www.probiotech.com\/wp-content\/uploads\/2025\/12\/proto_header.webp\" \/>\n\t<meta property=\"og:image:width\" content=\"1920\" \/>\n\t<meta property=\"og:image:height\" content=\"1080\" \/>\n\t<meta property=\"og:image:type\" content=\"image\/webp\" \/>\n<meta name=\"twitter:card\" content=\"summary_large_image\" \/>\n<meta name=\"twitter:label1\" content=\"Dur\u00e9e de lecture estim\u00e9e\" \/>\n\t<meta name=\"twitter:data1\" content=\"1 minute\" \/>\n<!-- \/ Yoast SEO plugin. -->","yoast_head_json":{"title":"Preventing and reducing the impact of protozoan parasites in animals","description":"100% natural and alternative solutions to anthelmintic medicines for the prevention, control and mitigation of the harmful effects of protozoan parasites in livestock","robots":{"index":"index","follow":"follow","max-snippet":"max-snippet:-1","max-image-preview":"max-image-preview:large","max-video-preview":"max-video-preview:-1"},"canonical":"https:\/\/www.probiotech.com\/fr\/nos-solutions\/prevention-of-protozoal-challenges\/","og_locale":"fr_FR","og_type":"article","og_title":"Preventing and reducing the impact of protozoan parasites in animals","og_description":"100% natural and alternative solutions to anthelmintic medicines for the prevention, control and mitigation of the harmful effects of protozoan parasites in livestock","og_url":"https:\/\/www.probiotech.com\/fr\/nos-solutions\/prevention-of-protozoal-challenges\/","og_site_name":"Probiotech","article_modified_time":"2026-02-12T16:00:02+00:00","og_image":[{"width":1920,"height":1080,"url":"https:\/\/www.probiotech.com\/wp-content\/uploads\/2025\/12\/proto_header.webp","type":"image\/webp"}],"twitter_card":"summary_large_image","twitter_misc":{"Dur\u00e9e de lecture estim\u00e9e":"1 minute"},"schema":{"@context":"https:\/\/schema.org","@graph":[{"@type":"WebPage","@id":"https:\/\/www.probiotech.com\/fr\/nos-solutions\/prevention-of-protozoal-challenges\/","url":"https:\/\/www.probiotech.com\/fr\/nos-solutions\/prevention-of-protozoal-challenges\/","name":"Preventing and reducing the impact of protozoan parasites in animals","isPartOf":{"@id":"https:\/\/www.probiotech.com\/#website"},"primaryImageOfPage":{"@id":"https:\/\/www.probiotech.com\/fr\/nos-solutions\/prevention-of-protozoal-challenges\/#primaryimage"},"image":{"@id":"https:\/\/www.probiotech.com\/fr\/nos-solutions\/prevention-of-protozoal-challenges\/#primaryimage"},"thumbnailUrl":"https:\/\/www.probiotech.com\/wp-content\/uploads\/2025\/12\/proto_header.webp","datePublished":"2025-11-18T21:18:10+00:00","dateModified":"2026-02-12T16:00:02+00:00","description":"100% natural and alternative solutions to anthelmintic medicines for the prevention, control and mitigation of the harmful effects of protozoan parasites in livestock","breadcrumb":{"@id":"https:\/\/www.probiotech.com\/fr\/nos-solutions\/prevention-of-protozoal-challenges\/#breadcrumb"},"inLanguage":"fr-FR","potentialAction":[{"@type":"ReadAction","target":["https:\/\/www.probiotech.com\/fr\/nos-solutions\/prevention-of-protozoal-challenges\/"]}]},{"@type":"ImageObject","inLanguage":"fr-FR","@id":"https:\/\/www.probiotech.com\/fr\/nos-solutions\/prevention-of-protozoal-challenges\/#primaryimage","url":"https:\/\/www.probiotech.com\/wp-content\/uploads\/2025\/12\/proto_header.webp","contentUrl":"https:\/\/www.probiotech.com\/wp-content\/uploads\/2025\/12\/proto_header.webp","width":1920,"height":1080},{"@type":"BreadcrumbList","@id":"https:\/\/www.probiotech.com\/fr\/nos-solutions\/prevention-of-protozoal-challenges\/#breadcrumb","itemListElement":[{"@type":"ListItem","position":1,"name":"Home","item":"https:\/\/www.probiotech.com\/fr\/"},{"@type":"ListItem","position":2,"name":"Solutions","item":"https:\/\/www.probiotech.com\/fr\/nos-solutions\/"},{"@type":"ListItem","position":3,"name":"Pr\u00e9vention des infections protozoaires"}]},{"@type":"WebSite","@id":"https:\/\/www.probiotech.com\/#website","url":"https:\/\/www.probiotech.com\/","name":"Probiotech","description":"Additifs naturels pour la nutrition animale","potentialAction":[{"@type":"SearchAction","target":{"@type":"EntryPoint","urlTemplate":"https:\/\/www.probiotech.com\/?s={search_term_string}"},"query-input":{"@type":"PropertyValueSpecification","valueRequired":true,"valueName":"search_term_string"}}],"inLanguage":"fr-FR"}]}},"_links":{"self":[{"href":"https:\/\/www.probiotech.com\/fr\/wp-json\/wp\/v2\/pages\/819","targetHints":{"allow":["GET"]}}],"collection":[{"href":"https:\/\/www.probiotech.com\/fr\/wp-json\/wp\/v2\/pages"}],"about":[{"href":"https:\/\/www.probiotech.com\/fr\/wp-json\/wp\/v2\/types\/page"}],"author":[{"embeddable":true,"href":"https:\/\/www.probiotech.com\/fr\/wp-json\/wp\/v2\/users\/1"}],"replies":[{"embeddable":true,"href":"https:\/\/www.probiotech.com\/fr\/wp-json\/wp\/v2\/comments?post=819"}],"version-history":[{"count":5,"href":"https:\/\/www.probiotech.com\/fr\/wp-json\/wp\/v2\/pages\/819\/revisions"}],"predecessor-version":[{"id":1040,"href":"https:\/\/www.probiotech.com\/fr\/wp-json\/wp\/v2\/pages\/819\/revisions\/1040"}],"up":[{"embeddable":true,"href":"https:\/\/www.probiotech.com\/fr\/wp-json\/wp\/v2\/pages\/804"}],"wp:featuredmedia":[{"embeddable":true,"href":"https:\/\/www.probiotech.com\/fr\/wp-json\/wp\/v2\/media\/705"}],"wp:attachment":[{"href":"https:\/\/www.probiotech.com\/fr\/wp-json\/wp\/v2\/media?parent=819"}],"curies":[{"name":"wp","href":"https:\/\/api.w.org\/{rel}","templated":true}]}}