{"id":825,"date":"2025-11-18T16:18:26","date_gmt":"2025-11-18T21:18:26","guid":{"rendered":"https:\/\/www.probiotech.com\/nos-solutions\/external-parasite-control\/"},"modified":"2026-02-12T10:59:48","modified_gmt":"2026-02-12T15:59:48","slug":"external-parasite-control","status":"publish","type":"page","link":"https:\/\/www.probiotech.com\/fr\/nos-solutions\/external-parasite-control\/","title":{"rendered":"Contr\u00f4le des parasites externes"},"content":{"rendered":"<h1 style=\"text-align: center;\">Contr\u00f4ler les parasites externes pour am\u00e9liorer le confort et la sant\u00e9 des animaux<\/h1>\n<p style=\"text-align: center;\">Les parasites externes, tels que les mouches, les moustiques, les mites, les poux et les tiques, sont une cause fr\u00e9quente d\u2019inconfort chez les animaux, ce qui nuit consid\u00e9rablement au bien-\u00eatre du b\u00e9tail et incommode les animaux de compagnie. Leur pr\u00e9sence est souvent \u00e0 l\u2019origine d\u2019une d\u00e9t\u00e9rioration de la sant\u00e9 animale et d\u2019une baisse de productivit\u00e9 dans les fermes et les champs. C\u2019est l\u00e0 qu\u2019intervient Probiotech. Nos additifs alimentaires naturels et nos ingr\u00e9dients pour l\u2019alimentation des animaux de compagnie offrent des solutions \u00e9prouv\u00e9es pour lutter contre les parasites externes.<\/p>\n","protected":false},"excerpt":{"rendered":"<p>Les parasites externes, tels que les mouches, les moustiques, les mites, les poux et les tiques, sont une cause fr\u00e9quente d\u2019inconfort chez les animaux, ce qui nuit consid\u00e9rablement au bien-\u00eatre du b\u00e9tail et incommode les animaux de compagnie. Leur pr\u00e9sence est souvent \u00e0 l\u2019origine d\u2019une d\u00e9t\u00e9rioration de la sant\u00e9 animale et d\u2019une baisse de productivit\u00e9 dans les fermes et les champs. C\u2019est l\u00e0 qu\u2019intervient Probiotech. Nos additifs alimentaires naturels et nos ingr\u00e9dients pour l\u2019alimentation des animaux de compagnie offrent des solutions \u00e9prouv\u00e9es pour lutter contre les parasites externes.<\/p>\n","protected":false},"author":1,"featured_media":707,"parent":804,"menu_order":0,"comment_status":"closed","ping_status":"closed","template":"template-solutions.php","meta":{"_acf_changed":false,"footnotes":""},"class_list":["post-825","page","type-page","status-publish","has-post-thumbnail","hentry"],"acf":[],"yoast_head":"<!-- This site is optimized with the Yoast SEO plugin v26.6 - https:\/\/yoast.com\/wordpress\/plugins\/seo\/ -->\n<title>Preventing &amp; reducing the impact of external parasites on animals<\/title>\n<meta name=\"description\" content=\"100% natural and alternative solutions to anthelmintic medicines for the prevention, control and mitigation of the harmful effects of external parasites in livestock\" \/>\n<meta name=\"robots\" content=\"index, follow, max-snippet:-1, max-image-preview:large, max-video-preview:-1\" \/>\n<link rel=\"canonical\" href=\"https:\/\/www.probiotech.com\/fr\/nos-solutions\/external-parasite-control\/\" \/>\n<meta property=\"og:locale\" content=\"fr_FR\" \/>\n<meta property=\"og:type\" content=\"article\" \/>\n<meta property=\"og:title\" content=\"Preventing &amp; reducing the impact of external parasites on animals\" \/>\n<meta property=\"og:description\" content=\"100% natural and alternative solutions to anthelmintic medicines for the prevention, control and mitigation of the harmful effects of external parasites in livestock\" \/>\n<meta property=\"og:url\" content=\"https:\/\/www.probiotech.com\/fr\/nos-solutions\/external-parasite-control\/\" \/>\n<meta property=\"og:site_name\" content=\"Probiotech\" \/>\n<meta property=\"article:modified_time\" content=\"2026-02-12T15:59:48+00:00\" \/>\n<meta property=\"og:image\" content=\"https:\/\/www.probiotech.com\/wp-content\/uploads\/2025\/12\/external_header.webp\" \/>\n\t<meta property=\"og:image:width\" content=\"1920\" \/>\n\t<meta property=\"og:image:height\" content=\"1222\" \/>\n\t<meta property=\"og:image:type\" content=\"image\/webp\" \/>\n<meta name=\"twitter:card\" content=\"summary_large_image\" \/>\n<meta name=\"twitter:label1\" content=\"Dur\u00e9e de lecture estim\u00e9e\" \/>\n\t<meta name=\"twitter:data1\" content=\"1 minute\" \/>\n<!-- \/ Yoast SEO plugin. -->","yoast_head_json":{"title":"Preventing & reducing the impact of external parasites on animals","description":"100% natural and alternative solutions to anthelmintic medicines for the prevention, control and mitigation of the harmful effects of external parasites in livestock","robots":{"index":"index","follow":"follow","max-snippet":"max-snippet:-1","max-image-preview":"max-image-preview:large","max-video-preview":"max-video-preview:-1"},"canonical":"https:\/\/www.probiotech.com\/fr\/nos-solutions\/external-parasite-control\/","og_locale":"fr_FR","og_type":"article","og_title":"Preventing & reducing the impact of external parasites on animals","og_description":"100% natural and alternative solutions to anthelmintic medicines for the prevention, control and mitigation of the harmful effects of external parasites in livestock","og_url":"https:\/\/www.probiotech.com\/fr\/nos-solutions\/external-parasite-control\/","og_site_name":"Probiotech","article_modified_time":"2026-02-12T15:59:48+00:00","og_image":[{"width":1920,"height":1222,"url":"https:\/\/www.probiotech.com\/wp-content\/uploads\/2025\/12\/external_header.webp","type":"image\/webp"}],"twitter_card":"summary_large_image","twitter_misc":{"Dur\u00e9e de lecture estim\u00e9e":"1 minute"},"schema":{"@context":"https:\/\/schema.org","@graph":[{"@type":"WebPage","@id":"https:\/\/www.probiotech.com\/fr\/nos-solutions\/external-parasite-control\/","url":"https:\/\/www.probiotech.com\/fr\/nos-solutions\/external-parasite-control\/","name":"Preventing & reducing the impact of external parasites on animals","isPartOf":{"@id":"https:\/\/www.probiotech.com\/#website"},"primaryImageOfPage":{"@id":"https:\/\/www.probiotech.com\/fr\/nos-solutions\/external-parasite-control\/#primaryimage"},"image":{"@id":"https:\/\/www.probiotech.com\/fr\/nos-solutions\/external-parasite-control\/#primaryimage"},"thumbnailUrl":"https:\/\/www.probiotech.com\/wp-content\/uploads\/2025\/12\/external_header.webp","datePublished":"2025-11-18T21:18:26+00:00","dateModified":"2026-02-12T15:59:48+00:00","description":"100% natural and alternative solutions to anthelmintic medicines for the prevention, control and mitigation of the harmful effects of external parasites in livestock","breadcrumb":{"@id":"https:\/\/www.probiotech.com\/fr\/nos-solutions\/external-parasite-control\/#breadcrumb"},"inLanguage":"fr-FR","potentialAction":[{"@type":"ReadAction","target":["https:\/\/www.probiotech.com\/fr\/nos-solutions\/external-parasite-control\/"]}]},{"@type":"ImageObject","inLanguage":"fr-FR","@id":"https:\/\/www.probiotech.com\/fr\/nos-solutions\/external-parasite-control\/#primaryimage","url":"https:\/\/www.probiotech.com\/wp-content\/uploads\/2025\/12\/external_header.webp","contentUrl":"https:\/\/www.probiotech.com\/wp-content\/uploads\/2025\/12\/external_header.webp","width":1920,"height":1222},{"@type":"BreadcrumbList","@id":"https:\/\/www.probiotech.com\/fr\/nos-solutions\/external-parasite-control\/#breadcrumb","itemListElement":[{"@type":"ListItem","position":1,"name":"Home","item":"https:\/\/www.probiotech.com\/fr\/"},{"@type":"ListItem","position":2,"name":"Solutions","item":"https:\/\/www.probiotech.com\/fr\/nos-solutions\/"},{"@type":"ListItem","position":3,"name":"Contr\u00f4le des parasites externes"}]},{"@type":"WebSite","@id":"https:\/\/www.probiotech.com\/#website","url":"https:\/\/www.probiotech.com\/","name":"Probiotech","description":"Additifs naturels pour la nutrition animale","potentialAction":[{"@type":"SearchAction","target":{"@type":"EntryPoint","urlTemplate":"https:\/\/www.probiotech.com\/?s={search_term_string}"},"query-input":{"@type":"PropertyValueSpecification","valueRequired":true,"valueName":"search_term_string"}}],"inLanguage":"fr-FR"}]}},"_links":{"self":[{"href":"https:\/\/www.probiotech.com\/fr\/wp-json\/wp\/v2\/pages\/825","targetHints":{"allow":["GET"]}}],"collection":[{"href":"https:\/\/www.probiotech.com\/fr\/wp-json\/wp\/v2\/pages"}],"about":[{"href":"https:\/\/www.probiotech.com\/fr\/wp-json\/wp\/v2\/types\/page"}],"author":[{"embeddable":true,"href":"https:\/\/www.probiotech.com\/fr\/wp-json\/wp\/v2\/users\/1"}],"replies":[{"embeddable":true,"href":"https:\/\/www.probiotech.com\/fr\/wp-json\/wp\/v2\/comments?post=825"}],"version-history":[{"count":5,"href":"https:\/\/www.probiotech.com\/fr\/wp-json\/wp\/v2\/pages\/825\/revisions"}],"predecessor-version":[{"id":1038,"href":"https:\/\/www.probiotech.com\/fr\/wp-json\/wp\/v2\/pages\/825\/revisions\/1038"}],"up":[{"embeddable":true,"href":"https:\/\/www.probiotech.com\/fr\/wp-json\/wp\/v2\/pages\/804"}],"wp:featuredmedia":[{"embeddable":true,"href":"https:\/\/www.probiotech.com\/fr\/wp-json\/wp\/v2\/media\/707"}],"wp:attachment":[{"href":"https:\/\/www.probiotech.com\/fr\/wp-json\/wp\/v2\/media?parent=825"}],"curies":[{"name":"wp","href":"https:\/\/api.w.org\/{rel}","templated":true}]}}