{"id":828,"date":"2025-11-18T16:18:34","date_gmt":"2025-11-18T21:18:34","guid":{"rendered":"https:\/\/www.probiotech.com\/nos-solutions\/nutrition-optimization\/"},"modified":"2026-02-12T10:59:40","modified_gmt":"2026-02-12T15:59:40","slug":"nutrition-optimization","status":"publish","type":"page","link":"https:\/\/www.probiotech.com\/fr\/nos-solutions\/nutrition-optimization\/","title":{"rendered":"Optimisation de la nutrition"},"content":{"rendered":"<h1 style=\"text-align: center;\">Solutions d\u2019alimentation animale naturelles qui renforcent l\u2019immunit\u00e9 et la sant\u00e9 du b\u00e9tail et des animaux de compagnie<\/h1>\n<p style=\"text-align: center;\">L\u2019optimisation des nutriments pour le b\u00e9tail est essentielle pour la sant\u00e9 et les performances ainsi que pour minimiser l\u2019impact environnemental. Les animaux de compagnie b\u00e9n\u00e9ficient \u00e9galement d\u2019une nutrition optimale tout au long de leur vie et, aujourd\u2019hui plus que jamais, la nourriture que nous choisissons pour eux peut aussi \u00eatre bonne pour la plan\u00e8te. C\u2019est l\u00e0 qu\u2019intervient Probiotech. Nos additifs naturels et nos produits de sant\u00e9 v\u00e9t\u00e9rinaire offrent des solutions \u00e9prouv\u00e9es qui r\u00e9pondent \u00e0 la physiologie mol\u00e9culaire d\u2019une grande vari\u00e9t\u00e9 d\u2019esp\u00e8ces.<\/p>\n","protected":false},"excerpt":{"rendered":"<p>L\u2019optimisation des nutriments pour le b\u00e9tail est essentielle pour la sant\u00e9 et les performances ainsi que pour minimiser l\u2019impact environnemental. Les animaux de compagnie b\u00e9n\u00e9ficient \u00e9galement d\u2019une nutrition optimale tout au long de leur vie et, aujourd\u2019hui plus que jamais, la nourriture que nous choisissons pour eux peut aussi \u00eatre bonne pour la plan\u00e8te. C\u2019est l\u00e0 qu\u2019intervient Probiotech. Nos additifs naturels et nos produits de sant\u00e9 v\u00e9t\u00e9rinaire offrent des solutions \u00e9prouv\u00e9es qui r\u00e9pondent \u00e0 la physiologie mol\u00e9culaire d\u2019une grande vari\u00e9t\u00e9 d\u2019esp\u00e8ces.<\/p>\n","protected":false},"author":1,"featured_media":708,"parent":804,"menu_order":0,"comment_status":"closed","ping_status":"closed","template":"template-solutions.php","meta":{"_acf_changed":false,"footnotes":""},"class_list":["post-828","page","type-page","status-publish","has-post-thumbnail","hentry"],"acf":[],"yoast_head":"<!-- This site is optimized with the Yoast SEO plugin v26.6 - https:\/\/yoast.com\/wordpress\/plugins\/seo\/ -->\n<title>Optimisation de la nutrition - Probiotech<\/title>\n<meta name=\"robots\" content=\"index, follow, max-snippet:-1, max-image-preview:large, max-video-preview:-1\" \/>\n<link rel=\"canonical\" href=\"https:\/\/www.probiotech.com\/fr\/nos-solutions\/nutrition-optimization\/\" \/>\n<meta property=\"og:locale\" content=\"fr_FR\" \/>\n<meta property=\"og:type\" content=\"article\" \/>\n<meta property=\"og:title\" content=\"Optimisation de la nutrition - Probiotech\" \/>\n<meta property=\"og:description\" content=\"L\u2019optimisation des nutriments pour le b\u00e9tail est essentielle pour la sant\u00e9 et les performances ainsi que pour minimiser l\u2019impact environnemental. Les animaux de compagnie b\u00e9n\u00e9ficient \u00e9galement d\u2019une nutrition optimale tout au long de leur vie et, aujourd\u2019hui plus que jamais, la nourriture que nous choisissons pour eux peut aussi \u00eatre bonne pour la plan\u00e8te. C\u2019est l\u00e0 qu\u2019intervient Probiotech. Nos additifs naturels et nos produits de sant\u00e9 v\u00e9t\u00e9rinaire offrent des solutions \u00e9prouv\u00e9es qui r\u00e9pondent \u00e0 la physiologie mol\u00e9culaire d\u2019une grande vari\u00e9t\u00e9 d\u2019esp\u00e8ces.\" \/>\n<meta property=\"og:url\" content=\"https:\/\/www.probiotech.com\/fr\/nos-solutions\/nutrition-optimization\/\" \/>\n<meta property=\"og:site_name\" content=\"Probiotech\" \/>\n<meta property=\"article:modified_time\" content=\"2026-02-12T15:59:40+00:00\" \/>\n<meta property=\"og:image\" content=\"https:\/\/www.probiotech.com\/wp-content\/uploads\/2025\/12\/nutrition_header.webp\" \/>\n\t<meta property=\"og:image:width\" content=\"1920\" \/>\n\t<meta property=\"og:image:height\" content=\"1079\" \/>\n\t<meta property=\"og:image:type\" content=\"image\/webp\" \/>\n<meta name=\"twitter:card\" content=\"summary_large_image\" \/>\n<meta name=\"twitter:label1\" content=\"Dur\u00e9e de lecture estim\u00e9e\" \/>\n\t<meta name=\"twitter:data1\" content=\"1 minute\" \/>\n<!-- \/ Yoast SEO plugin. -->","yoast_head_json":{"title":"Optimisation de la nutrition - Probiotech","robots":{"index":"index","follow":"follow","max-snippet":"max-snippet:-1","max-image-preview":"max-image-preview:large","max-video-preview":"max-video-preview:-1"},"canonical":"https:\/\/www.probiotech.com\/fr\/nos-solutions\/nutrition-optimization\/","og_locale":"fr_FR","og_type":"article","og_title":"Optimisation de la nutrition - Probiotech","og_description":"L\u2019optimisation des nutriments pour le b\u00e9tail est essentielle pour la sant\u00e9 et les performances ainsi que pour minimiser l\u2019impact environnemental. Les animaux de compagnie b\u00e9n\u00e9ficient \u00e9galement d\u2019une nutrition optimale tout au long de leur vie et, aujourd\u2019hui plus que jamais, la nourriture que nous choisissons pour eux peut aussi \u00eatre bonne pour la plan\u00e8te. C\u2019est l\u00e0 qu\u2019intervient Probiotech. Nos additifs naturels et nos produits de sant\u00e9 v\u00e9t\u00e9rinaire offrent des solutions \u00e9prouv\u00e9es qui r\u00e9pondent \u00e0 la physiologie mol\u00e9culaire d\u2019une grande vari\u00e9t\u00e9 d\u2019esp\u00e8ces.","og_url":"https:\/\/www.probiotech.com\/fr\/nos-solutions\/nutrition-optimization\/","og_site_name":"Probiotech","article_modified_time":"2026-02-12T15:59:40+00:00","og_image":[{"width":1920,"height":1079,"url":"https:\/\/www.probiotech.com\/wp-content\/uploads\/2025\/12\/nutrition_header.webp","type":"image\/webp"}],"twitter_card":"summary_large_image","twitter_misc":{"Dur\u00e9e de lecture estim\u00e9e":"1 minute"},"schema":{"@context":"https:\/\/schema.org","@graph":[{"@type":"WebPage","@id":"https:\/\/www.probiotech.com\/fr\/nos-solutions\/nutrition-optimization\/","url":"https:\/\/www.probiotech.com\/fr\/nos-solutions\/nutrition-optimization\/","name":"Optimisation de la nutrition - Probiotech","isPartOf":{"@id":"https:\/\/www.probiotech.com\/#website"},"primaryImageOfPage":{"@id":"https:\/\/www.probiotech.com\/fr\/nos-solutions\/nutrition-optimization\/#primaryimage"},"image":{"@id":"https:\/\/www.probiotech.com\/fr\/nos-solutions\/nutrition-optimization\/#primaryimage"},"thumbnailUrl":"https:\/\/www.probiotech.com\/wp-content\/uploads\/2025\/12\/nutrition_header.webp","datePublished":"2025-11-18T21:18:34+00:00","dateModified":"2026-02-12T15:59:40+00:00","breadcrumb":{"@id":"https:\/\/www.probiotech.com\/fr\/nos-solutions\/nutrition-optimization\/#breadcrumb"},"inLanguage":"fr-FR","potentialAction":[{"@type":"ReadAction","target":["https:\/\/www.probiotech.com\/fr\/nos-solutions\/nutrition-optimization\/"]}]},{"@type":"ImageObject","inLanguage":"fr-FR","@id":"https:\/\/www.probiotech.com\/fr\/nos-solutions\/nutrition-optimization\/#primaryimage","url":"https:\/\/www.probiotech.com\/wp-content\/uploads\/2025\/12\/nutrition_header.webp","contentUrl":"https:\/\/www.probiotech.com\/wp-content\/uploads\/2025\/12\/nutrition_header.webp","width":1920,"height":1079},{"@type":"BreadcrumbList","@id":"https:\/\/www.probiotech.com\/fr\/nos-solutions\/nutrition-optimization\/#breadcrumb","itemListElement":[{"@type":"ListItem","position":1,"name":"Home","item":"https:\/\/www.probiotech.com\/fr\/"},{"@type":"ListItem","position":2,"name":"Solutions","item":"https:\/\/www.probiotech.com\/fr\/nos-solutions\/"},{"@type":"ListItem","position":3,"name":"Optimisation de la nutrition"}]},{"@type":"WebSite","@id":"https:\/\/www.probiotech.com\/#website","url":"https:\/\/www.probiotech.com\/","name":"Probiotech","description":"Additifs naturels pour la nutrition animale","potentialAction":[{"@type":"SearchAction","target":{"@type":"EntryPoint","urlTemplate":"https:\/\/www.probiotech.com\/?s={search_term_string}"},"query-input":{"@type":"PropertyValueSpecification","valueRequired":true,"valueName":"search_term_string"}}],"inLanguage":"fr-FR"}]}},"_links":{"self":[{"href":"https:\/\/www.probiotech.com\/fr\/wp-json\/wp\/v2\/pages\/828","targetHints":{"allow":["GET"]}}],"collection":[{"href":"https:\/\/www.probiotech.com\/fr\/wp-json\/wp\/v2\/pages"}],"about":[{"href":"https:\/\/www.probiotech.com\/fr\/wp-json\/wp\/v2\/types\/page"}],"author":[{"embeddable":true,"href":"https:\/\/www.probiotech.com\/fr\/wp-json\/wp\/v2\/users\/1"}],"replies":[{"embeddable":true,"href":"https:\/\/www.probiotech.com\/fr\/wp-json\/wp\/v2\/comments?post=828"}],"version-history":[{"count":5,"href":"https:\/\/www.probiotech.com\/fr\/wp-json\/wp\/v2\/pages\/828\/revisions"}],"predecessor-version":[{"id":1037,"href":"https:\/\/www.probiotech.com\/fr\/wp-json\/wp\/v2\/pages\/828\/revisions\/1037"}],"up":[{"embeddable":true,"href":"https:\/\/www.probiotech.com\/fr\/wp-json\/wp\/v2\/pages\/804"}],"wp:featuredmedia":[{"embeddable":true,"href":"https:\/\/www.probiotech.com\/fr\/wp-json\/wp\/v2\/media\/708"}],"wp:attachment":[{"href":"https:\/\/www.probiotech.com\/fr\/wp-json\/wp\/v2\/media?parent=828"}],"curies":[{"name":"wp","href":"https:\/\/api.w.org\/{rel}","templated":true}]}}