{"id":831,"date":"2025-11-18T11:45:47","date_gmt":"2025-11-18T16:45:47","guid":{"rendered":"https:\/\/www.probiotech.com\/about-us\/"},"modified":"2026-02-06T13:42:57","modified_gmt":"2026-02-06T18:42:57","slug":"a-propos","status":"publish","type":"page","link":"https:\/\/www.probiotech.com\/fr\/a-propos\/","title":{"rendered":"\u00c0 propos"},"content":{"rendered":"<h1 style=\"text-align: center;\"><strong>Inspir\u00e9 par la nature.<br \/>\nAnim\u00e9 par l\u2019innovation.<br \/>\nMesur\u00e9 par la performance.<\/strong><\/h1>\n","protected":false},"excerpt":{"rendered":"<p>Inspir\u00e9 par la nature. Anim\u00e9 par l\u2019innovation. Mesur\u00e9 par la performance.<\/p>\n","protected":false},"author":1,"featured_media":756,"parent":0,"menu_order":0,"comment_status":"closed","ping_status":"closed","template":"template-mission.php","meta":{"_acf_changed":false,"footnotes":""},"class_list":["post-831","page","type-page","status-publish","has-post-thumbnail","hentry"],"acf":[],"yoast_head":"<!-- This site is optimized with the Yoast SEO plugin v26.6 - https:\/\/yoast.com\/wordpress\/plugins\/seo\/ -->\n<title>\u00c0 propos - Probiotech<\/title>\n<meta name=\"robots\" content=\"index, follow, max-snippet:-1, max-image-preview:large, max-video-preview:-1\" \/>\n<link rel=\"canonical\" href=\"https:\/\/www.probiotech.com\/fr\/a-propos\/\" \/>\n<meta property=\"og:locale\" content=\"fr_FR\" \/>\n<meta property=\"og:type\" content=\"article\" \/>\n<meta property=\"og:title\" content=\"\u00c0 propos - Probiotech\" \/>\n<meta property=\"og:description\" content=\"Inspir\u00e9 par la nature. Anim\u00e9 par l\u2019innovation. Mesur\u00e9 par la performance.\" \/>\n<meta property=\"og:url\" content=\"https:\/\/www.probiotech.com\/fr\/a-propos\/\" \/>\n<meta property=\"og:site_name\" content=\"Probiotech\" \/>\n<meta property=\"article:modified_time\" content=\"2026-02-06T18:42:57+00:00\" \/>\n<meta property=\"og:image\" content=\"https:\/\/www.probiotech.com\/wp-content\/uploads\/2026\/01\/PROBIOTECH_Batisse_Ext_logo.webp\" \/>\n\t<meta property=\"og:image:width\" content=\"1943\" \/>\n\t<meta property=\"og:image:height\" content=\"947\" \/>\n\t<meta property=\"og:image:type\" content=\"image\/webp\" \/>\n<meta name=\"twitter:card\" content=\"summary_large_image\" \/>\n<meta name=\"twitter:label1\" content=\"Dur\u00e9e de lecture estim\u00e9e\" \/>\n\t<meta name=\"twitter:data1\" content=\"1 minute\" \/>\n<!-- \/ Yoast SEO plugin. -->","yoast_head_json":{"title":"\u00c0 propos - Probiotech","robots":{"index":"index","follow":"follow","max-snippet":"max-snippet:-1","max-image-preview":"max-image-preview:large","max-video-preview":"max-video-preview:-1"},"canonical":"https:\/\/www.probiotech.com\/fr\/a-propos\/","og_locale":"fr_FR","og_type":"article","og_title":"\u00c0 propos - Probiotech","og_description":"Inspir\u00e9 par la nature. Anim\u00e9 par l\u2019innovation. Mesur\u00e9 par la performance.","og_url":"https:\/\/www.probiotech.com\/fr\/a-propos\/","og_site_name":"Probiotech","article_modified_time":"2026-02-06T18:42:57+00:00","og_image":[{"width":1943,"height":947,"url":"https:\/\/www.probiotech.com\/wp-content\/uploads\/2026\/01\/PROBIOTECH_Batisse_Ext_logo.webp","type":"image\/webp"}],"twitter_card":"summary_large_image","twitter_misc":{"Dur\u00e9e de lecture estim\u00e9e":"1 minute"},"schema":{"@context":"https:\/\/schema.org","@graph":[{"@type":"WebPage","@id":"https:\/\/www.probiotech.com\/fr\/a-propos\/","url":"https:\/\/www.probiotech.com\/fr\/a-propos\/","name":"\u00c0 propos - Probiotech","isPartOf":{"@id":"https:\/\/www.probiotech.com\/#website"},"primaryImageOfPage":{"@id":"https:\/\/www.probiotech.com\/fr\/a-propos\/#primaryimage"},"image":{"@id":"https:\/\/www.probiotech.com\/fr\/a-propos\/#primaryimage"},"thumbnailUrl":"https:\/\/www.probiotech.com\/wp-content\/uploads\/2026\/01\/PROBIOTECH_Batisse_Ext_logo.webp","datePublished":"2025-11-18T16:45:47+00:00","dateModified":"2026-02-06T18:42:57+00:00","breadcrumb":{"@id":"https:\/\/www.probiotech.com\/fr\/a-propos\/#breadcrumb"},"inLanguage":"fr-FR","potentialAction":[{"@type":"ReadAction","target":["https:\/\/www.probiotech.com\/fr\/a-propos\/"]}]},{"@type":"ImageObject","inLanguage":"fr-FR","@id":"https:\/\/www.probiotech.com\/fr\/a-propos\/#primaryimage","url":"https:\/\/www.probiotech.com\/wp-content\/uploads\/2026\/01\/PROBIOTECH_Batisse_Ext_logo.webp","contentUrl":"https:\/\/www.probiotech.com\/wp-content\/uploads\/2026\/01\/PROBIOTECH_Batisse_Ext_logo.webp","width":1943,"height":947},{"@type":"BreadcrumbList","@id":"https:\/\/www.probiotech.com\/fr\/a-propos\/#breadcrumb","itemListElement":[{"@type":"ListItem","position":1,"name":"Home","item":"https:\/\/www.probiotech.com\/fr\/"},{"@type":"ListItem","position":2,"name":"\u00c0 propos"}]},{"@type":"WebSite","@id":"https:\/\/www.probiotech.com\/#website","url":"https:\/\/www.probiotech.com\/","name":"Probiotech","description":"Additifs naturels pour la nutrition animale","potentialAction":[{"@type":"SearchAction","target":{"@type":"EntryPoint","urlTemplate":"https:\/\/www.probiotech.com\/?s={search_term_string}"},"query-input":{"@type":"PropertyValueSpecification","valueRequired":true,"valueName":"search_term_string"}}],"inLanguage":"fr-FR"}]}},"_links":{"self":[{"href":"https:\/\/www.probiotech.com\/fr\/wp-json\/wp\/v2\/pages\/831","targetHints":{"allow":["GET"]}}],"collection":[{"href":"https:\/\/www.probiotech.com\/fr\/wp-json\/wp\/v2\/pages"}],"about":[{"href":"https:\/\/www.probiotech.com\/fr\/wp-json\/wp\/v2\/types\/page"}],"author":[{"embeddable":true,"href":"https:\/\/www.probiotech.com\/fr\/wp-json\/wp\/v2\/users\/1"}],"replies":[{"embeddable":true,"href":"https:\/\/www.probiotech.com\/fr\/wp-json\/wp\/v2\/comments?post=831"}],"version-history":[{"count":7,"href":"https:\/\/www.probiotech.com\/fr\/wp-json\/wp\/v2\/pages\/831\/revisions"}],"predecessor-version":[{"id":1009,"href":"https:\/\/www.probiotech.com\/fr\/wp-json\/wp\/v2\/pages\/831\/revisions\/1009"}],"wp:featuredmedia":[{"embeddable":true,"href":"https:\/\/www.probiotech.com\/fr\/wp-json\/wp\/v2\/media\/756"}],"wp:attachment":[{"href":"https:\/\/www.probiotech.com\/fr\/wp-json\/wp\/v2\/media?parent=831"}],"curies":[{"name":"wp","href":"https:\/\/api.w.org\/{rel}","templated":true}]}}