{"id":835,"date":"2025-11-18T16:14:40","date_gmt":"2025-11-18T21:14:40","guid":{"rendered":"https:\/\/www.probiotech.com\/history\/"},"modified":"2026-02-06T13:43:41","modified_gmt":"2026-02-06T18:43:41","slug":"histoire","status":"publish","type":"page","link":"https:\/\/www.probiotech.com\/fr\/histoire\/","title":{"rendered":"Histoire"},"content":{"rendered":"<h1 style=\"text-align: center;\">Des visionnaires pour la durabilit\u00e9 depuis les d\u00e9buts de l\u2019industrie agrobiotechnologique<\/h1>\n<p style=\"text-align: center;\">Avant que les crit\u00e8res ESG (environnementaux, sociaux et de gouvernance) ne retiennent l\u2019attention dans le secteur de la production agricole, Probiotech \u00e9tait d\u00e9j\u00e0 \u00e0 l\u2019avant-garde en mati\u00e8re de durabilit\u00e9 dans le domaine de l\u2019alimentation animale. En tant que pionniers dans la formulation d\u2019aliments biologiques et naturels pour le b\u00e9tail et les animaux de compagnie, nous offrons des solutions qui s\u2019appuient sur notre volont\u00e9 de remplacer les solutions m\u00e9dicamenteuses par des solutions naturelles. Nous avons d\u00e9montr\u00e9 un engagement sans faille en faveur d\u2019une gestion responsable des antibiotiques et de la recherche et d\u00e9veloppement et misons sur l\u2019am\u00e9lioration continue de la qualit\u00e9 et de la s\u00e9curit\u00e9 de nos produits, au b\u00e9n\u00e9fice des syst\u00e8mes alimentaires nord-am\u00e9ricains.<\/p>\n","protected":false},"excerpt":{"rendered":"<p>Des visionnaires pour la durabilit\u00e9 depuis les d\u00e9buts de l\u2019industrie agrobiotechnologique Avant que les crit\u00e8res ESG (environnementaux, sociaux et de gouvernance) ne retiennent l\u2019attention dans le secteur de la production agricole, Probiotech \u00e9tait d\u00e9j\u00e0 \u00e0 l\u2019avant-garde en mati\u00e8re de durabilit\u00e9 dans le domaine de l\u2019alimentation animale. En tant que pionniers dans la formulation d\u2019aliments biologiques [&hellip;]<\/p>\n","protected":false},"author":1,"featured_media":734,"parent":0,"menu_order":0,"comment_status":"closed","ping_status":"closed","template":"template-lignedutemps.php","meta":{"_acf_changed":false,"footnotes":""},"class_list":["post-835","page","type-page","status-publish","has-post-thumbnail","hentry"],"acf":[],"yoast_head":"<!-- This site is optimized with the Yoast SEO plugin v26.6 - https:\/\/yoast.com\/wordpress\/plugins\/seo\/ -->\n<title>Histoire - Probiotech<\/title>\n<meta name=\"robots\" content=\"index, follow, max-snippet:-1, max-image-preview:large, max-video-preview:-1\" \/>\n<link rel=\"canonical\" href=\"https:\/\/www.probiotech.com\/fr\/histoire\/\" \/>\n<meta property=\"og:locale\" content=\"fr_FR\" \/>\n<meta property=\"og:type\" content=\"article\" \/>\n<meta property=\"og:title\" content=\"Histoire - Probiotech\" \/>\n<meta property=\"og:description\" content=\"Des visionnaires pour la durabilit\u00e9 depuis les d\u00e9buts de l\u2019industrie agrobiotechnologique Avant que les crit\u00e8res ESG (environnementaux, sociaux et de gouvernance) ne retiennent l\u2019attention dans le secteur de la production agricole, Probiotech \u00e9tait d\u00e9j\u00e0 \u00e0 l\u2019avant-garde en mati\u00e8re de durabilit\u00e9 dans le domaine de l\u2019alimentation animale. En tant que pionniers dans la formulation d\u2019aliments biologiques [&hellip;]\" \/>\n<meta property=\"og:url\" content=\"https:\/\/www.probiotech.com\/fr\/histoire\/\" \/>\n<meta property=\"og:site_name\" content=\"Probiotech\" \/>\n<meta property=\"article:modified_time\" content=\"2026-02-06T18:43:41+00:00\" \/>\n<meta property=\"og:image\" content=\"https:\/\/www.probiotech.com\/wp-content\/uploads\/2025\/12\/butyrates.webp\" \/>\n\t<meta property=\"og:image:width\" content=\"1920\" \/>\n\t<meta property=\"og:image:height\" content=\"1280\" \/>\n\t<meta property=\"og:image:type\" content=\"image\/webp\" \/>\n<meta name=\"twitter:card\" content=\"summary_large_image\" \/>\n<meta name=\"twitter:label1\" content=\"Dur\u00e9e de lecture estim\u00e9e\" \/>\n\t<meta name=\"twitter:data1\" content=\"1 minute\" \/>\n<!-- \/ Yoast SEO plugin. -->","yoast_head_json":{"title":"Histoire - Probiotech","robots":{"index":"index","follow":"follow","max-snippet":"max-snippet:-1","max-image-preview":"max-image-preview:large","max-video-preview":"max-video-preview:-1"},"canonical":"https:\/\/www.probiotech.com\/fr\/histoire\/","og_locale":"fr_FR","og_type":"article","og_title":"Histoire - Probiotech","og_description":"Des visionnaires pour la durabilit\u00e9 depuis les d\u00e9buts de l\u2019industrie agrobiotechnologique Avant que les crit\u00e8res ESG (environnementaux, sociaux et de gouvernance) ne retiennent l\u2019attention dans le secteur de la production agricole, Probiotech \u00e9tait d\u00e9j\u00e0 \u00e0 l\u2019avant-garde en mati\u00e8re de durabilit\u00e9 dans le domaine de l\u2019alimentation animale. En tant que pionniers dans la formulation d\u2019aliments biologiques [&hellip;]","og_url":"https:\/\/www.probiotech.com\/fr\/histoire\/","og_site_name":"Probiotech","article_modified_time":"2026-02-06T18:43:41+00:00","og_image":[{"width":1920,"height":1280,"url":"https:\/\/www.probiotech.com\/wp-content\/uploads\/2025\/12\/butyrates.webp","type":"image\/webp"}],"twitter_card":"summary_large_image","twitter_misc":{"Dur\u00e9e de lecture estim\u00e9e":"1 minute"},"schema":{"@context":"https:\/\/schema.org","@graph":[{"@type":"WebPage","@id":"https:\/\/www.probiotech.com\/fr\/histoire\/","url":"https:\/\/www.probiotech.com\/fr\/histoire\/","name":"Histoire - Probiotech","isPartOf":{"@id":"https:\/\/www.probiotech.com\/#website"},"primaryImageOfPage":{"@id":"https:\/\/www.probiotech.com\/fr\/histoire\/#primaryimage"},"image":{"@id":"https:\/\/www.probiotech.com\/fr\/histoire\/#primaryimage"},"thumbnailUrl":"https:\/\/www.probiotech.com\/wp-content\/uploads\/2025\/12\/butyrates.webp","datePublished":"2025-11-18T21:14:40+00:00","dateModified":"2026-02-06T18:43:41+00:00","breadcrumb":{"@id":"https:\/\/www.probiotech.com\/fr\/histoire\/#breadcrumb"},"inLanguage":"fr-FR","potentialAction":[{"@type":"ReadAction","target":["https:\/\/www.probiotech.com\/fr\/histoire\/"]}]},{"@type":"ImageObject","inLanguage":"fr-FR","@id":"https:\/\/www.probiotech.com\/fr\/histoire\/#primaryimage","url":"https:\/\/www.probiotech.com\/wp-content\/uploads\/2025\/12\/butyrates.webp","contentUrl":"https:\/\/www.probiotech.com\/wp-content\/uploads\/2025\/12\/butyrates.webp","width":1920,"height":1280},{"@type":"BreadcrumbList","@id":"https:\/\/www.probiotech.com\/fr\/histoire\/#breadcrumb","itemListElement":[{"@type":"ListItem","position":1,"name":"Home","item":"https:\/\/www.probiotech.com\/fr\/"},{"@type":"ListItem","position":2,"name":"Histoire"}]},{"@type":"WebSite","@id":"https:\/\/www.probiotech.com\/#website","url":"https:\/\/www.probiotech.com\/","name":"Probiotech","description":"Additifs naturels pour la nutrition animale","potentialAction":[{"@type":"SearchAction","target":{"@type":"EntryPoint","urlTemplate":"https:\/\/www.probiotech.com\/?s={search_term_string}"},"query-input":{"@type":"PropertyValueSpecification","valueRequired":true,"valueName":"search_term_string"}}],"inLanguage":"fr-FR"}]}},"_links":{"self":[{"href":"https:\/\/www.probiotech.com\/fr\/wp-json\/wp\/v2\/pages\/835","targetHints":{"allow":["GET"]}}],"collection":[{"href":"https:\/\/www.probiotech.com\/fr\/wp-json\/wp\/v2\/pages"}],"about":[{"href":"https:\/\/www.probiotech.com\/fr\/wp-json\/wp\/v2\/types\/page"}],"author":[{"embeddable":true,"href":"https:\/\/www.probiotech.com\/fr\/wp-json\/wp\/v2\/users\/1"}],"replies":[{"embeddable":true,"href":"https:\/\/www.probiotech.com\/fr\/wp-json\/wp\/v2\/comments?post=835"}],"version-history":[{"count":4,"href":"https:\/\/www.probiotech.com\/fr\/wp-json\/wp\/v2\/pages\/835\/revisions"}],"predecessor-version":[{"id":1010,"href":"https:\/\/www.probiotech.com\/fr\/wp-json\/wp\/v2\/pages\/835\/revisions\/1010"}],"wp:featuredmedia":[{"embeddable":true,"href":"https:\/\/www.probiotech.com\/fr\/wp-json\/wp\/v2\/media\/734"}],"wp:attachment":[{"href":"https:\/\/www.probiotech.com\/fr\/wp-json\/wp\/v2\/media?parent=835"}],"curies":[{"name":"wp","href":"https:\/\/api.w.org\/{rel}","templated":true}]}}